{"id":866,"date":"2018-07-25T01:03:06","date_gmt":"2018-07-25T01:03:06","guid":{"rendered":"http:\/\/lumyx.net\/musicmakers\/?page_id=866"},"modified":"2019-05-24T19:14:33","modified_gmt":"2019-05-24T22:14:33","slug":"timeline","status":"publish","type":"page","link":"https:\/\/lumyx.net\/musicmakers\/timeline\/","title":{"rendered":"TIMELINE M\u00fasica e Tecnologia"},"content":{"rendered":"\n<style type=\"text\/css\" data-created_by=\"avia_inline_auto\" id=\"style-css-av-p4fb6-66a43a4b9f99d89d74f444e6f36019de\">\n.avia-section.av-p4fb6-66a43a4b9f99d89d74f444e6f36019de{\nbackground-color:#ffffff;\n}\n<\/style>\n<div id='av_section_1'  class='avia-section av-p4fb6-66a43a4b9f99d89d74f444e6f36019de main_color avia-section-default avia-no-border-styling  avia-builder-el-0  el_before_av_one_full  avia-builder-el-first  avia-bg-style-scroll  container_wrap fullsize'  ><div class='container av-section-cont-open' ><main  role=\"main\" itemprop=\"mainContentOfPage\"  class='template-page content  av-content-full alpha units'><div class='post-entry post-entry-type-page post-entry-866'><div class='entry-content-wrapper clearfix'>\n\n<style type=\"text\/css\" data-created_by=\"avia_inline_auto\" id=\"style-css-av-jnxzkgc5-5f2ba5dba3262e812047cc964d731158\">\n#top .av-special-heading.av-jnxzkgc5-5f2ba5dba3262e812047cc964d731158{\npadding-bottom:10px;\nfont-size:45px;\n}\n<\/style>\n<div  class='av-special-heading av-jnxzkgc5-5f2ba5dba3262e812047cc964d731158 av-special-heading-h2 blockquote modern-quote  avia-builder-el-1  avia-builder-el-no-sibling  av-inherit-size '><h2 class='av-special-heading-tag '  itemprop=\"headline\"  >A M\u00fasica do s\u00e9culo 21: do anal\u00f3gico ao digital<\/h2><div class='special-heading-border'><div class='special-heading-inner-border'><\/div><\/div><\/div>\n<\/div><\/div><\/main><!-- close content main element --><\/div><\/div><div id='after_section_1'  class='main_color av_default_container_wrap container_wrap fullsize'  ><div class='container av-section-cont-open' ><div class='template-page content  av-content-full alpha units'><div class='post-entry post-entry-type-page post-entry-866'><div class='entry-content-wrapper clearfix'>\n\n<style type=\"text\/css\" data-created_by=\"avia_inline_auto\" id=\"style-css-av-7qi4q-0cd0993655433aaff00004ec9d6dfd4e\">\n.flex_column.av-7qi4q-0cd0993655433aaff00004ec9d6dfd4e{\nborder-radius:0px 0px 0px 0px;\n-webkit-border-radius:0px 0px 0px 0px;\n-moz-border-radius:0px 0px 0px 0px;\n}\n<\/style>\n<div class='flex_column av-7qi4q-0cd0993655433aaff00004ec9d6dfd4e av_one_full  avia-builder-el-2  el_after_av_section  el_before_av_section  avia-builder-el-no-sibling  first flex_column_div av-zero-column-padding '   ><\/div>\n<\/div><\/div><\/div><!-- close content main div --><\/div><\/div>\n<style type=\"text\/css\" data-created_by=\"avia_inline_auto\" id=\"style-css-av-p4fb6-c3c3adf3a9a18c1b82b188a46d0e0823\">\n.avia-section.av-p4fb6-c3c3adf3a9a18c1b82b188a46d0e0823{\nbackground-color:#ffda23;\n}\n<\/style>\n<div id='av_section_2'  class='avia-section av-p4fb6-c3c3adf3a9a18c1b82b188a46d0e0823 main_color avia-section-default avia-no-border-styling  avia-builder-el-4  el_after_av_one_full  el_before_av_section  avia-bg-style-scroll  container_wrap fullsize'  ><div class='container av-section-cont-open' ><div class='template-page content  av-content-full alpha units'><div class='post-entry post-entry-type-page post-entry-866'><div class='entry-content-wrapper clearfix'>\n<div  id=\"avia-timeline-1\"  class='avia-timeline-container avia-slideshow-carousel   avia-builder-el-5  avia-builder-el-no-sibling ' avia-data-slides='4'><ul class='avia-timeline avia-timeline-horizontal av-milestone-placement-top avia-timeline- avia_animate_when_almost_visible avia-timeline-animate'>\n<li  class='av-milestone av-animated-generic fade-in av-milestone-odd  '><h2 class='av-milestone-date  '  id='milestone-2000'><strong>2000<span class='av-milestone-indicator'><\/span><\/strong><\/h2><div class=\"av-milestone-icon-wrap\"><span class='milestone_icon milestone-icon-hasborder' ><span class='milestone_inner' style='background-image:url(https:\/\/lumyx.net\/musicmakers\/wp-content\/uploads\/2018\/10\/images.jpg); '>&nbsp;<\/span><\/span><\/div><article class='av-milestone-content-wrap'><div class='av-milestone-contentbox' ><header class=\"entry-content-header\"><h4  class=' '>Surge o MP#<\/h4><\/header><div class='av-milestone-content' ><p><img loading=\"lazy\" decoding=\"async\" class=\"alignnone wp-image-1068\" src=\"https:\/\/lumyx.net\/musicmakers\/wp-content\/uploads\/2018\/10\/images.jpg\" alt=\"\" width=\"75\" height=\"83\" \/><\/p>\n<h4>A m\u00fasica nunca mais serea a mesma.<\/h4>\n<p><iframe loading=\"lazy\" src=\"https:\/\/www.youtube.com\/embed\/pSJi5YuK3gQ\" width=\"560\" height=\"315\" frameborder=\"0\" allowfullscreen=\"allowfullscreen\"><\/iframe>Lorem Ipsum Lorem Ipsum Lorem I Lorem Ipsum Lorem Ipsum Lorem I<br \/>\nLorem Ipsum Lorem Ipsum Lorem I Lorem Ipsum Lorem Ipsum Lorem I<\/p>\n<\/div><\/div><footer  class='entry-footer'><\/footer><\/article><\/li>\n<li  class='av-milestone av-animated-generic fade-in av-milestone-even  '><h2 class='av-milestone-date  '  id='milestone-2002'><strong>2002<span class='av-milestone-indicator'><\/span><\/strong><\/h2><div class=\"av-milestone-icon-wrap\"><span class='milestone_icon avia-font-entypo-fontello' ><span class='milestone_inner' ><i class='milestone-char' aria-hidden='true' data-av_icon='\ue8d2' data-av_iconfont='entypo-fontello'><\/i><\/span><\/span><\/div><article class='av-milestone-content-wrap'><div class='av-milestone-contentbox' ><header class=\"entry-content-header\"><h4  class=' '>Milestone 2<\/h4><\/header><div class='av-milestone-content' ><p>Lorem Ipsum Lorem Ipsum<\/p>\n<\/div><\/div><footer  class='entry-footer'><\/footer><\/article><\/li>\n<li  class='av-milestone av-animated-generic fade-in av-milestone-odd  '><h2 class='av-milestone-date  '  id='milestone-2018'><strong>2018<span class='av-milestone-indicator'><\/span><\/strong><\/h2><div class=\"av-milestone-icon-wrap\"><span class='milestone_icon avia-font-' ><span class='milestone_inner' ><i class='milestone-char' aria-hidden='true' data-av_icon='\ue85e' data-av_iconfont='entypo-fontello'><\/i><\/span><\/span><\/div><article class='av-milestone-content-wrap'><div class='av-milestone-contentbox' ><header class=\"entry-content-header\"><h4  class=' '>Milestone 3<\/h4><\/header><div class='av-milestone-content' ><\/div><\/div><footer  class='entry-footer'><\/footer><\/article><\/li>\n<li  class='av-milestone av-animated-generic fade-in av-milestone-even  '><h2 class='av-milestone-date  '  id='milestone-2018'><strong>2018<span class='av-milestone-indicator'><\/span><\/strong><\/h2><div class=\"av-milestone-icon-wrap\"><span class='milestone_icon avia-font-' ><span class='milestone_inner' ><i class='milestone-char' aria-hidden='true' data-av_icon='' data-av_iconfont='entypo-fontello'><\/i><\/span><\/span><\/div><article class='av-milestone-content-wrap'><div class='av-milestone-contentbox' ><header class=\"entry-content-header\"><h4  class=' '>Milestone Title<\/h4><\/header><div class='av-milestone-content' ><p>Milestone Content goes here<\/p>\n<\/div><\/div><footer  class='entry-footer'><\/footer><\/article><\/li>\n<li  class='av-milestone av-animated-generic fade-in av-milestone-odd  '><h2 class='av-milestone-date  '  id='milestone-2018'><strong>2018<span class='av-milestone-indicator'><\/span><\/strong><\/h2><div class=\"av-milestone-icon-wrap\"><span class='milestone_icon avia-font-' ><span class='milestone_inner' ><i class='milestone-char' aria-hidden='true' data-av_icon='' data-av_iconfont='entypo-fontello'><\/i><\/span><\/span><\/div><article class='av-milestone-content-wrap'><div class='av-milestone-contentbox' ><header class=\"entry-content-header\"><h4  class=' '>Milestone Title<\/h4><\/header><div class='av-milestone-content' ><p>Milestone Content goes here<\/p>\n<\/div><\/div><footer  class='entry-footer'><\/footer><\/article><\/li>\n<li  class='av-milestone av-animated-generic fade-in av-milestone-even  '><h2 class='av-milestone-date  '  id='milestone-2018'><strong>2018<span class='av-milestone-indicator'><\/span><\/strong><\/h2><div class=\"av-milestone-icon-wrap\"><span class='milestone_icon avia-font-' ><span class='milestone_inner' ><i class='milestone-char' aria-hidden='true' data-av_icon='' data-av_iconfont='entypo-fontello'><\/i><\/span><\/span><\/div><article class='av-milestone-content-wrap'><div class='av-milestone-contentbox' ><header class=\"entry-content-header\"><h4  class=' '>Milestone Title<\/h4><\/header><div class='av-milestone-content' ><p>Milestone Content goes here<\/p>\n<\/div><\/div><footer  class='entry-footer'><\/footer><\/article><\/li>\n<li  class='av-milestone av-animated-generic fade-in av-milestone-odd  '><h2 class='av-milestone-date  '  id='milestone-2018'><strong>2018<span class='av-milestone-indicator'><\/span><\/strong><\/h2><div class=\"av-milestone-icon-wrap\"><span class='milestone_icon avia-font-' ><span class='milestone_inner' ><i class='milestone-char' aria-hidden='true' data-av_icon='' data-av_iconfont='entypo-fontello'><\/i><\/span><\/span><\/div><article class='av-milestone-content-wrap'><div class='av-milestone-contentbox' ><header class=\"entry-content-header\"><h4  class=' '>Milestone Title<\/h4><\/header><div class='av-milestone-content' ><p>Milestone Content goes here<\/p>\n<\/div><\/div><footer  class='entry-footer'><\/footer><\/article><\/li>\n<\/ul><div class='av-timeline-nav '><a href='#prev' class='prev-slide av-timeline-nav-prev'><span aria-hidden='true' data-av_icon='\ue87c' data-av_iconfont='entypo-fontello'>Previous<\/span><\/a><a href='#next' class='next-slide av-timeline-nav-next'><span aria-hidden='true' data-av_icon='\ue87d' data-av_iconfont='entypo-fontello'>Next<\/span><\/a><\/div><\/div>\n\n<\/div><\/div><\/div><!-- close content main div --><\/div><\/div>\n<style type=\"text\/css\" data-created_by=\"avia_inline_auto\" id=\"style-css-av-a89m2-bdba95fed8db2098b5fba9cdc616fe85\">\n.avia-section.av-a89m2-bdba95fed8db2098b5fba9cdc616fe85{\nbackground-color:#ffda23;\n}\n<\/style>\n<div id='av_section_3'  class='avia-section av-a89m2-bdba95fed8db2098b5fba9cdc616fe85 main_color avia-section-default avia-no-border-styling  avia-builder-el-6  el_after_av_section  el_before_av_section  avia-bg-style-scroll  container_wrap fullsize'  ><div class='container av-section-cont-open' ><div class='template-page content  av-content-full alpha units'><div class='post-entry post-entry-type-page post-entry-866'><div class='entry-content-wrapper clearfix'>\n<\/div><\/div><\/div><!-- close content main div --><\/div><\/div><div id='av_section_4'  class='avia-section av-jk0f4brm-ca5f813ee3a4872581fba1ccf835b372 main_color avia-section-default avia-no-border-styling  avia-builder-el-7  el_after_av_section  avia-builder-el-last  avia-bg-style-scroll  container_wrap fullsize'  ><div class='container av-section-cont-open' ><div class='template-page content  av-content-full alpha units'><div class='post-entry post-entry-type-page post-entry-866'><div class='entry-content-wrapper clearfix'>\n\n<style type=\"text\/css\" data-created_by=\"avia_inline_auto\" id=\"style-css-av-cny8y-68bc7ba9a4e497d0b171e09b2a5d340f\">\n#top .av-special-heading.av-cny8y-68bc7ba9a4e497d0b171e09b2a5d340f{\npadding-bottom:10px;\n}\n<\/style>\n<div  class='av-special-heading av-cny8y-68bc7ba9a4e497d0b171e09b2a5d340f av-special-heading-h3  avia-builder-el-8  el_before_av_textblock  avia-builder-el-first  '><h3 class='av-special-heading-tag '  itemprop=\"headline\"  >Como a M\u00fasica se tornou gr\u00e1tis<\/h3><div class='special-heading-border'><div class='special-heading-inner-border'><\/div><\/div><\/div>\n<section class=\"av_textblock_section \"  itemscope=\"itemscope\" itemtype=\"https:\/\/schema.org\/CreativeWork\" ><div class='avia_textblock  '   itemprop=\"text\" ><h3>1. Introdu\u00e7\u00e3o: o cen\u00e1rio da transi\u00e7\u00e3o tecnol\u00f3gica<\/h3>\n<\/div><\/section>\n\n<style type=\"text\/css\" data-created_by=\"avia_inline_auto\" id=\"style-css-av-czdii-cc36acc86f0f81a6b0aa212d89e475f2\">\n.flex_column.av-czdii-cc36acc86f0f81a6b0aa212d89e475f2{\nborder-radius:0px 0px 0px 0px;\n-webkit-border-radius:0px 0px 0px 0px;\n-moz-border-radius:0px 0px 0px 0px;\n}\n<\/style>\n<div class='flex_column av-czdii-cc36acc86f0f81a6b0aa212d89e475f2 av_one_half  avia-builder-el-10  el_after_av_textblock  el_before_av_one_half  first flex_column_div av-zero-column-padding column-top-margin'   ><section class=\"av_textblock_section \"  itemscope=\"itemscope\" itemtype=\"https:\/\/schema.org\/CreativeWork\" ><div class='avia_textblock  '   itemprop=\"text\" ><p>S\u00e3o not\u00f3rias as transforma\u00e7\u00f5es que a ind\u00fastria da m\u00fasica e seus atores v\u00eam passando nas \u00faltimas duas d\u00e9cadas, impactados por um conjunto de inova\u00e7\u00f5es tecnol\u00f3gicas de matriz digital e seus desdobramentos na reconfigura\u00e7\u00e3o de modelos de neg\u00f3cio. O mesmo fen\u00f4meno vem ocorrendo na economia como um todo, analisado em artigos e estudos acad\u00eamicos sob o nome de \u201cdisruptura digital\u201d (<em>digital disruption<\/em>), ou seja, aquilo que ocorre quando \u201c<em>as tecnologias desempenham um papel na subvers\u00e3o das ind\u00fastrias estabelecidas<\/em>\u201d. (KOTLER DIAMANDIS, 2015, p.XX). Mas no \u00e2mbito da ind\u00fastria cultural, foi na atividade profissional de m\u00fasica onde primeiro se deu a inje\u00e7\u00e3o do <em>modus operandi<\/em> digital, atrav\u00e9s de ferramentas de trabalho que envolviam tecnologia baseada nesses sistemas. J\u00e1 na d\u00e9cada de 80 do s\u00e9culo 20 utilizava-se instrumentos como teclados sintetizadores<a href=\"#_ftn1\" name=\"_ftnref1\">[1]<\/a> (que emulavam sons de frequ\u00eancia modulada com amplitude ativada por filtros de ADSR<a href=\"#_ftn2\" name=\"_ftnref2\">[2]<\/a>), baterias eletr\u00f4nicas, pedais e <em>racks<\/em> de efeitos digitais; sequenciadores musicais com interfaces MIDI<a href=\"#_ftn3\" name=\"_ftnref3\">[3]<\/a> (uma linguagem de correspond\u00eancia entre a a\u00e7\u00e3o humana ao tocar teclados ou bot\u00f5es e sua interpreta\u00e7\u00e3o por dispositivos digitais que imitam diversos instrumentos), seguindo-se, nos anos 90, gravadores sobre suportes digitais (DAT, MD, ADAT) \u2013 e, finalmente, os sampleadores (<em>samplers<\/em> ou digitalizadores de som) e sistemas computadorizados para registro.<\/p>\n<p>A \u2018invas\u00e3o\u201d, nos anos 80, dessa tecnologia ao conv\u00edvio di\u00e1rio e pioneiro dos m\u00fasicos, prenunciando grandes transforma\u00e7\u00f5es, impactou diversos artistas, que geraram composi\u00e7\u00f5es como coment\u00e1rios \u00e0 respeito, fazendo refer\u00eancias e pren\u00fancios futuristas com est\u00e9tica ou temas \u201ctechno\u201d. Um exemplo de destaque \u00e9 a avant-garde Laurie Anderson, artista multim\u00eddia americana, lan\u00e7ando seu album \u201cBig Science\u201d em 82 e fazendo apresenta\u00e7\u00f5es com apoio visual de proje\u00e7\u00f5es em tel\u00e3o e de express\u00e3o corporal associada \u00e0 efeitos eletr\u00f4nicos de percuss\u00e3o acionados por \u201ctrigger\u201d ; ou tamb\u00e9m a banda alem\u00e3 Kraftwerk, que lan\u00e7ou o album \u201cComputer World\u201d em 80.<\/p>\n<p><a href=\"#_ftnref1\" name=\"_ftn1\"><\/a><\/p>\n<\/div><\/section><\/div>\n<style type=\"text\/css\" data-created_by=\"avia_inline_auto\" id=\"style-css-av-9ls76-5e91d0ae5c73a723ed913e73ee29098a\">\n.flex_column.av-9ls76-5e91d0ae5c73a723ed913e73ee29098a{\nborder-radius:0px 0px 0px 0px;\n-webkit-border-radius:0px 0px 0px 0px;\n-moz-border-radius:0px 0px 0px 0px;\n}\n<\/style>\n<div class='flex_column av-9ls76-5e91d0ae5c73a723ed913e73ee29098a av_one_half  avia-builder-el-12  el_after_av_one_half  el_before_av_textblock  flex_column_div av-zero-column-padding column-top-margin'   ><section class=\"av_textblock_section \"  itemscope=\"itemscope\" itemtype=\"https:\/\/schema.org\/CreativeWork\" ><div class='avia_textblock  '   itemprop=\"text\" ><p>Em 85, ainda pr\u00e9-internet no Brasil, uma banda de nome \u201cEletrodom\u00e9sticos\u201d lan\u00e7ou uma can\u00e7\u00e3o bem-humorada sobre devastadores efeitos de abstin\u00eancia provocados pelo defeito num indispens\u00e1vel computador pessoal, com o t\u00edtulo \u201cChoveu no Meu Chip\u201d.<br \/>\nConvivendo com essa tecnologia, uma fra\u00e7\u00e3o dentre os m\u00fasicos profissionalmente atuantes nos campos de m\u00fasica pop ou instrumental, e trilha sonora, come\u00e7ava ali a diversificar suas habilidades, aprendendo a lidar com equipamentos de outra natureza t\u00e9cnica que n\u00e3o apenas aquela de seus instrumentos musicais. Ao mesmo tempo, a tecnologia MIDI tornava poss\u00edvel, gradualmente, a substitui\u00e7\u00e3o de m\u00fasicos de orquestra por instrumentos sint\u00e9ticos (especialmente cordas e naipes de metais) para obten\u00e7\u00e3o de um resultado sonoro mais ou menos convincente, com um baixo or\u00e7amento. M\u00fasicos de orquestra ou aqueles que tocassem exclusivamente instrumentos ac\u00fasticos n\u00e3o acompanharam, enquanto isso, a aquisi\u00e7\u00e3o progressiva deste know-how tecnol\u00f3gico.<br \/>\nAssim como a m\u00fasica, mais tarde outras atividades econ\u00f4micas no setor de bens culturais, como a fotografia, o design gr\u00e1fico, a imprensa e o cinema tamb\u00e9m vieram a sofrer o impacto da tecnologia, assistindo ao rompimento de suas cadeias produtivas na medida em que seus modelos estruturais anal\u00f3gicos foram sendo substitu\u00eddos pelo padr\u00e3o digital (representado pelos sistemas vencedores na guerra tecnol\u00f3gica entre marcas ), tendo a rede mundial de computadores \u2013 a internet \u2013 na posi\u00e7\u00e3o fundamental de palco de inova\u00e7\u00f5es e de intermedia\u00e7\u00e3o dos neg\u00f3cios.<\/p>\n<\/div><\/section><\/div><section class=\"av_textblock_section \"  itemscope=\"itemscope\" itemtype=\"https:\/\/schema.org\/CreativeWork\" ><div class='avia_textblock  '   itemprop=\"text\" ><p><strong>Notas:<\/strong><\/p>\n<p><a href=\"#_ftnref1\" name=\"_ftn1\">[1]<\/a> Os <strong>sintetizadores<\/strong> anal\u00f3gicos na m\u00fasica come\u00e7aram a ser utilizados nos anos 60. Os sistemas <em>Moog<\/em> foram criados em 64. Em 68 <em>Walter Carlos<\/em> (depois chamado <em>Wendy<\/em>) obteve disco de platina com seu album erudito \u201c<em>Switched-On Bach<\/em>\u201d inteiramente tocado em sintetizador. Modelos de sintetizadores como <em>Theremin<\/em>, <em>Mellotron<\/em> e <em>MiniMoog<\/em> tornaram-se conhecidos atrav\u00e9s do rock progressivo. Os <strong>sintetizadores digitais<\/strong> (<em>digital signal pro<\/em>cessing, ou DSP) s\u00f3 foram criados nos anos 70 e somente comercializados \u00e0 partir de 79. de conceitos de audiooso ter contrato m de ser justificativa n Soundes smatphones.a que n<\/p>\n<p><a href=\"#_ftnref2\" name=\"_ftn2\">[2]<\/a> <strong>ADSR<\/strong> \u00e9 um acr\u00f4nimo para Attack, Decay, Sustain, Release (ingl\u00eas), podendo ser traduzido para protugu\u00eas como <a href=\"https:\/\/pt.wikipedia.org\/wiki\/Ataque_(som)\">Ataque<\/a>, <a href=\"https:\/\/pt.wikipedia.org\/wiki\/Decaimento_(som)\">Decaimento<\/a>, <a href=\"https:\/\/pt.wikipedia.org\/wiki\/Sustenta%C3%A7%C3%A3o_(som)\">Sustenta\u00e7\u00e3o<\/a> e <a href=\"https:\/\/pt.wikipedia.org\/wiki\/Repouso_(som)\">Repouso<\/a>. Refere-se \u00e0 curva de a\u00e7\u00e3o de um som, desde a sua emiss\u00e3o at\u00e9 seu completo desaparecimento de conceitos de audiooso ter contrato m de ser justificativa n Soundes smatphones.a que n, cujos par\u00e2metros de intensidade, dura\u00e7\u00e3o e formato de onda s\u00e3o ajust\u00e1veis para gera\u00e7\u00e3o sintetizada de um timbre.<\/p>\n<p><a href=\"#_ftnref3\" name=\"_ftn3\">[3]<\/a> <strong>MIDI<\/strong> \u00e9 um acr\u00f4nimo para Musical Instrument Digital Interface (ou Interface Digital de Instrumento Musical), um padr\u00e3o criado em 1982 por um cons\u00f3rcio de fabricantes de sintetizadores japoneses e americanos para viabilizar a comunica\u00e7\u00e3o em tempo real entre instrumentos musicais eletr\u00f4nicos, <a href=\"https:\/\/pt.wikipedia.org\/wiki\/Computador\">computadores<\/a> e outros dispositivos, atrav\u00e9s de i<a href=\"https:\/\/pt.wikipedia.org\/wiki\/Circuito_digital\">nterface digital<\/a>, utilizando <a href=\"https:\/\/pt.wikipedia.org\/wiki\/Protocolo\">protocolo<\/a> para <a href=\"https:\/\/pt.wikipedia.org\/wiki\/Conector_el%C3%A9trico\">conex\u00e3o<\/a> e l\u00f3gica.<\/p>\n<p>to add your own text<\/p>\n<\/div><\/section>\n<div  class='hr av-xmjm-18362a27d353515c81b8efc9ae5ada15 hr-default  avia-builder-el-15  el_after_av_textblock  avia-builder-el-last  '><span class='hr-inner '><span class=\"hr-inner-style\"><\/span><\/span><\/div>\n<\/p>\n","protected":false},"excerpt":{"rendered":"","protected":false},"author":1,"featured_media":0,"parent":0,"menu_order":0,"comment_status":"closed","ping_status":"closed","template":"","meta":{"footnotes":""},"class_list":["post-866","page","type-page","status-publish","hentry"],"_links":{"self":[{"href":"https:\/\/lumyx.net\/musicmakers\/wp-json\/wp\/v2\/pages\/866","targetHints":{"allow":["GET"]}}],"collection":[{"href":"https:\/\/lumyx.net\/musicmakers\/wp-json\/wp\/v2\/pages"}],"about":[{"href":"https:\/\/lumyx.net\/musicmakers\/wp-json\/wp\/v2\/types\/page"}],"author":[{"embeddable":true,"href":"https:\/\/lumyx.net\/musicmakers\/wp-json\/wp\/v2\/users\/1"}],"replies":[{"embeddable":true,"href":"https:\/\/lumyx.net\/musicmakers\/wp-json\/wp\/v2\/comments?post=866"}],"version-history":[{"count":43,"href":"https:\/\/lumyx.net\/musicmakers\/wp-json\/wp\/v2\/pages\/866\/revisions"}],"predecessor-version":[{"id":1122,"href":"https:\/\/lumyx.net\/musicmakers\/wp-json\/wp\/v2\/pages\/866\/revisions\/1122"}],"wp:attachment":[{"href":"https:\/\/lumyx.net\/musicmakers\/wp-json\/wp\/v2\/media?parent=866"}],"curies":[{"name":"wp","href":"https:\/\/api.w.org\/{rel}","templated":true}]}}