{"id":528,"date":"2016-05-11T13:52:53","date_gmt":"2016-05-11T13:52:53","guid":{"rendered":"http:\/\/wpoffice\/enfold-fitness\/?page_id=528"},"modified":"2020-08-15T14:12:59","modified_gmt":"2020-08-15T17:12:59","slug":"timetable","status":"publish","type":"page","link":"https:\/\/lumyx.net\/musicmakers\/timetable\/","title":{"rendered":"Locais de Show"},"content":{"rendered":"<div id='av_section_1'  class='avia-section av-oc0u0w-143766666f45ad384bc43c17b6a9973a main_color avia-section-large avia-no-border-styling  avia-builder-el-0  el_before_av_section  avia-builder-el-first  avia-bg-style-scroll  container_wrap fullsize'  ><div class='container av-section-cont-open' ><main  role=\"main\" itemprop=\"mainContentOfPage\"  class='template-page content  av-content-full alpha units'><div class='post-entry post-entry-type-page post-entry-528'><div class='entry-content-wrapper clearfix'>\n\n<style type=\"text\/css\" data-created_by=\"avia_inline_auto\" id=\"style-css-av-av_heading-ad51b158f17d37907a6ceb10b3ebb7b5\">\n#top .av-special-heading.av-av_heading-ad51b158f17d37907a6ceb10b3ebb7b5{\npadding-bottom:30px;\nfont-size:70px;\n}\n.av-special-heading.av-av_heading-ad51b158f17d37907a6ceb10b3ebb7b5 .av-subheading{\nfont-size:15px;\n}\n<\/style>\n<div  class='av-special-heading av-av_heading-ad51b158f17d37907a6ceb10b3ebb7b5 av-special-heading-h1 blockquote modern-quote  avia-builder-el-1  el_before_av_one_half  avia-builder-el-first  av-thin-font av-inherit-size av-linked-heading '><h1 class='av-special-heading-tag '  itemprop=\"headline\"  >Locais de <strong>Show<\/strong><\/h1><div class='av-subheading av-subheading_below '><p>Mapeando espa\u00e7os para se apresentar<\/p>\n<\/div><div class='special-heading-border'><div class='special-heading-inner-border'><\/div><\/div><\/div>\n\n<style type=\"text\/css\" data-created_by=\"avia_inline_auto\" id=\"style-css-av-o1get4-27146e645be70e22f6f3433bda64a1b0\">\n.flex_column.av-o1get4-27146e645be70e22f6f3433bda64a1b0{\nborder-radius:0px 0px 0px 0px;\n-webkit-border-radius:0px 0px 0px 0px;\n-moz-border-radius:0px 0px 0px 0px;\n}\n<\/style>\n<div class='flex_column av-o1get4-27146e645be70e22f6f3433bda64a1b0 av_one_half  avia-builder-el-2  el_after_av_heading  el_before_av_one_half  first flex_column_div av-zero-column-padding '   ><section class=\"av_textblock_section \"  itemscope=\"itemscope\" itemtype=\"https:\/\/schema.org\/CreativeWork\" ><div class='avia_textblock  '   itemprop=\"text\" ><p><strong>MusicMakers<\/strong> atua dentro do Rio de Janeiro, onde se iniciou nossa pesquisa.<\/p>\n<p><strong>Clicando nesse <a href=\"http:\/\/www.mapamusicalrj.com.br\/index.php\/mapamusicalrj#-22.5340036\/-43.1084322\/8\" target=\"_blank\" rel=\"noopener noreferrer\">MAPA DA M\u00daSICA RJ<\/a> e seguindo as instru\u00e7\u00f5es<\/strong>, voc\u00ea encontra alternativas de locais para apresenta\u00e7\u00e3o, ensaios e outros recursos. Al\u00e9m de casas de shows e espa\u00e7os culturais, voc\u00ea ainda pode encontrar festivais, coletivos, secretarias de cultura e est\u00fadios, entre outros agentes culturais locais. O MMRJ foi desenvolvido pela equipe Ponte Plural (cr\u00e9ditos abaixo). Nosso site MusicMakers n\u00e3o \u00e9 respons\u00e1vel pela atualiza\u00e7\u00e3o dos dados desse mapa. Por favor sempre confirme o status atual com os pr\u00f3prios locais. \n<style type=\"text\/css\" data-created_by=\"avia_inline_auto\" id=\"style-css-av-167p4-88348fa913dcb0fe4f5291957e81a388\">\n.av_font_icon.av-167p4-88348fa913dcb0fe4f5291957e81a388 .av-icon-char{\nfont-size:40px;\nline-height:40px;\n}\n<\/style>\n<span  class=\"av_font_icon av-167p4-88348fa913dcb0fe4f5291957e81a388 avia_animate_when_visible av-icon-style- avia-icon-pos-right av-no-color avia-icon-animate \"><a href='http:\/\/www.mapamusicalrj.com.br\/index.php\/mapamusicalrj#-22.5340036\/-43.1084322\/8' target=\"_blank\" rel=\"noopener noreferrer\" class='av-icon-char' aria-hidden='true' data-av_icon='\ue881' data-av_iconfont='entypo-fontello' data-avia-icon-tooltip=\"&lt;br \/&gt;\nMapa da M\u00fasica RJ&lt;br \/&gt;\n\"><\/a><\/span><\/p>\n<h4 style=\"text-align: right;\">MAPA DA M\u00daSICA RJ<\/h4>\n<\/div><\/section><\/div>\n<style type=\"text\/css\" data-created_by=\"avia_inline_auto\" id=\"style-css-av-nrc2ao-3be056c56450f4fff6362a29e764d803\">\n.flex_column.av-nrc2ao-3be056c56450f4fff6362a29e764d803{\nborder-radius:0px 0px 0px 0px;\n-webkit-border-radius:0px 0px 0px 0px;\n-moz-border-radius:0px 0px 0px 0px;\n}\n<\/style>\n<div class='flex_column av-nrc2ao-3be056c56450f4fff6362a29e764d803 av_one_half  avia-builder-el-5  el_after_av_one_half  avia-builder-el-last  flex_column_div av-zero-column-padding '   ><div   data-size='extra_large'  data-lightbox_size='large'  data-animation='slide'  data-conditional_play=''  data-ids='973'  data-video_counter='0'  data-autoplay='false'  data-bg_slider='false'  data-slide_height=''  data-handle='av_slideshow'  data-interval='5'  data-class=' avia-builder-el-6  avia-builder-el-no-sibling  '  data-el_id=''  data-css_id=''  data-scroll_down=''  data-control_layout='av-control-default'  data-custom_markup=''  data-perma_caption='aviaTBperma_caption'  data-autoplay_stopper=''  data-image_attachment=''  data-min_height='0px'  data-lazy_loading='disabled'  data-img_scrset=''  data-default-height='100'  class='avia-slideshow avia-slideshow-1  av-control-default av-default-height-applied avia-slideshow-extra_large av_slideshow  avia-builder-el-6  avia-builder-el-no-sibling   avia-slide-slider '  itemprop=\"image\" itemscope=\"itemscope\" itemtype=\"https:\/\/schema.org\/ImageObject\" ><ul class='avia-slideshow-inner ' style='padding-bottom: 46.022241231822%;' ><li  class=' av-single-slide slide-1 ' ><a href=\"http:\/\/www.mapamusicalrj.com.br\/index.php\/mapamusicalrj#-22.5340036\/-43.1084322\/8\" target=\"_blank\" rel=\"noopener noreferrer\" data-rel='slideshow-1' class='avia-slide-wrap '><img decoding=\"async\" class=\"wp-image-973 avia-img-lazy-loading-not-973\"  src=\"https:\/\/lumyx.net\/musicmakers\/wp-content\/uploads\/2018\/08\/MapaRio.png\" width=\"1169\" height=\"538\" title='MapaRio' alt=''  itemprop=\"thumbnailUrl\" srcset=\"https:\/\/lumyx.net\/musicmakers\/wp-content\/uploads\/2018\/08\/MapaRio.png 1169w, https:\/\/lumyx.net\/musicmakers\/wp-content\/uploads\/2018\/08\/MapaRio-300x138.png 300w, https:\/\/lumyx.net\/musicmakers\/wp-content\/uploads\/2018\/08\/MapaRio-768x353.png 768w, https:\/\/lumyx.net\/musicmakers\/wp-content\/uploads\/2018\/08\/MapaRio-1030x474.png 1030w, https:\/\/lumyx.net\/musicmakers\/wp-content\/uploads\/2018\/08\/MapaRio-705x324.png 705w, https:\/\/lumyx.net\/musicmakers\/wp-content\/uploads\/2018\/08\/MapaRio-450x207.png 450w\" sizes=\"(max-width: 1169px) 100vw, 1169px\" \/><\/a><\/li><\/ul><\/div><\/div><\/div><\/div><\/main><!-- close content main element --><\/div><\/div>\n<style type=\"text\/css\" data-created_by=\"avia_inline_auto\" id=\"style-css-av-nh0u3k-da9bde56f14edffb0e3ed112b1b48424\">\n.avia-section.av-nh0u3k-da9bde56f14edffb0e3ed112b1b48424{\nbackground-color:#000000;\n}\n<\/style>\n<div id='av_section_2'  class='avia-section av-nh0u3k-da9bde56f14edffb0e3ed112b1b48424 alternate_color avia-section-large avia-no-border-styling  avia-builder-el-7  el_after_av_section  el_before_av_table  avia-bg-style-scroll  container_wrap fullsize'  ><div class='container av-section-cont-open' ><div class='template-page content  av-content-full alpha units'><div class='post-entry post-entry-type-page post-entry-528'><div class='entry-content-wrapper clearfix'>\n<section class=\"av_textblock_section \"  itemscope=\"itemscope\" itemtype=\"https:\/\/schema.org\/CreativeWork\" ><div class='avia_textblock  '   itemprop=\"text\" ><p>O Mapa Musical RJ \u00e9 um aplicativo de mapeamento colaborativo da cadeia produtiva da m\u00fasica do estado do Rio de Janeiro que oferece informa\u00e7\u00f5es sobre est\u00fadios, lojas de instrumentos e cursos de m\u00fasica por geolocaliza\u00e7\u00e3o. Foi criado em 2015, a partir da pesquisa iniciada em 2011 em torno da cartografia sonora e musical de cidades pela equipe Ponte Plural, sob a coordena\u00e7\u00e3o da Profa. Dra. Simone Pereira de S\u00e1, depois de ter estabelecido parceria com o LabCult e recebido patroc\u00ednios do Minist\u00e9rio da Cultura, do CNPQ e, mais tarde, da Claro, do Governo do Estado e da Secretaria de Estado de Cultura do Rio de Janeiro, al\u00e9m do apoio do Instituto Embratel Claro.<\/p>\n<\/div><\/section>\n<\/div><\/div><\/div><!-- close content main div --><\/div><\/div><div id='after_section_2'  class='main_color av_default_container_wrap container_wrap fullsize'  ><div class='container av-section-cont-open' ><div class='template-page content  av-content-full alpha units'><div class='post-entry post-entry-type-page post-entry-528'><div class='entry-content-wrapper clearfix'><\/p>\n<div class='avia-data-table-wrap av-n8on00-9f03f1a0bc79edde00b49f15e7fb9da3 avia_responsive_table avia-table-1 '><table  class='avia-table avia-data-table avia_pricing_minimal  avia-builder-el-9  el_after_av_section  el_before_av_section  avia-builder-el-no-sibling '  itemscope=\"itemscope\" itemtype=\"https:\/\/schema.org\/Table\" ><caption>Classes times might change. Please let us know if you are going to attend so we can inform you if necessary<\/caption><tbody><tr class='avia-heading-row'><th class='avia-desc-col'><\/th><th class=''>MONDAY<\/th><th class=''>TUESDAY<\/th><th class=''>WEDNESDAY<\/th><th class=''>THURSDAY<\/th><th class=''>FRIDAY<\/th><th class=''>SATURDAY<\/th><th class=''>SUNDAY<\/th><\/tr><tr class=''><th class='avia-desc-col'>05.00 &#8211; 06.00<\/th><td class=''>Boxing<\/td><td class=''>Boxing<\/td><td class=''><\/td><td class=''><\/td><td class=''>Cardio<\/td><td class=''>Cardio<\/td><td class=''><\/td><\/tr><tr class=''><th class='avia-desc-col'>06.00 &#8211; 07.00<\/th><td class=''>Boxing<br \/>\n<\/td><td class=''>Boxing<\/td><td class=''><\/td><td class=''>Indoor Cycling<\/td><td class=''>Indoor Cycling<\/td><td class=''>Crossfit<\/td><td class=''>Crossfit<\/td><\/tr><tr class=''><th class='avia-desc-col'>07.00 &#8211; 08.00<\/th><td class=''><\/td><td class=''>Boxing<\/td><td class=''><\/td><td class=''>Indoor Cycling<\/td><td class=''><\/td><td class=''>Crossfit<\/td><td class=''><\/td><\/tr><tr class=''><th class='avia-desc-col'>08.00 &#8211; 09.00<\/th><td class=''><\/td><td class=''>Indoor Cycling<\/td><td class=''><\/td><td class=''>Indoor Cycling<\/td><td class=''><\/td><td class=''><\/td><td class=''><\/td><\/tr><tr class=''><th class='avia-desc-col'>09.00 &#8211; 10.00<\/th><td class=''><\/td><td class=''>Indoor Cycling<\/td><td class=''>Crossfit<\/td><td class=''><\/td><td class=''><\/td><td class=''>Cardio<\/td><td class=''><\/td><\/tr><tr class=''><th class='avia-desc-col'>10.00 &#8211; 11.00<\/th><td class=''>Yoga<\/td><td class=''><\/td><td class=''>Crossfit<\/td><td class=''>Crossfit<\/td><td class=''><\/td><td class=''>Cardio<\/td><td class=''>Yoga<\/td><\/tr><tr class=''><th class='avia-desc-col'>11.00 &#8211; 12.00<\/th><td class=''>Yoga<\/td><td class=''><\/td><td class=''><\/td><td class=''>Crossfit<\/td><td class=''><\/td><td class=''><\/td><td class=''>Yoga<\/td><\/tr><tr class='avia-heading-row'><th class='avia-desc-col'>12.00 &#8211; 16.00<\/th><th class=''>&#8211;<\/th><th class=''>&#8211;<\/th><th class=''>&#8211;<\/th><th class=''>&#8211;<\/th><th class=''>&#8211;<\/th><th class=''>&#8211;<\/th><th class=''>&#8211;<\/th><\/tr><tr class=''><th class='avia-desc-col'>16.00 &#8211; 17.00<\/th><td class=''><\/td><td class=''>Gym Fitness<\/td><td class=''><\/td><td class=''><\/td><td class=''>Indoor Cycling<\/td><td class=''><\/td><td class=''><\/td><\/tr><tr class=''><th class='avia-desc-col'>17.00 &#8211; 18.00<\/th><td class=''><\/td><td class=''>Gym Fitness<\/td><td class=''><\/td><td class=''><\/td><td class=''>Indoor Cycling<\/td><td class=''><\/td><td class=''><\/td><\/tr><tr class=''><th class='avia-desc-col'>18.00 &#8211; 19.00<\/th><td class=''>Open Gym<\/td><td class=''><\/td><td class=''>Zumba<\/td><td class=''><\/td><td class=''>Yoga<\/td><td class=''><\/td><td class=''>Yoga<\/td><\/tr><tr class=''><th class='avia-desc-col'>19.00 &#8211; 20.00<\/th><td class=''>Open Gym<\/td><td class=''><\/td><td class=''>Zumba<\/td><td class=''><\/td><td class=''>Yoga<\/td><td class=''><\/td><td class=''>Yoga<\/td><\/tr><tr class=''><th class='avia-desc-col'>20.00 &#8211; 21.00<\/th><td class=''>Open Gym<\/td><td class=''><\/td><td class=''>Zumba<\/td><td class=''><\/td><td class=''>Yoga<\/td><td class=''>Yoga<\/td><td class=''>Yoga<\/td><\/tr><\/tbody><\/table><\/div><style type='text\/css'>.avia-table-1 td:nth-of-type(0):before { content: ''; } .avia-table-1 td:nth-of-type(1):before { content: 'MONDAY'; } .avia-table-1 td:nth-of-type(2):before { content: 'TUESDAY'; } .avia-table-1 td:nth-of-type(3):before { content: 'WEDNESDAY'; } .avia-table-1 td:nth-of-type(4):before { content: 'THURSDAY'; } .avia-table-1 td:nth-of-type(5):before { content: 'FRIDAY'; } .avia-table-1 td:nth-of-type(6):before { content: 'SATURDAY'; } .avia-table-1 td:nth-of-type(7):before { content: 'SUNDAY'; } <\/style>\n<\/div><\/div><\/div><!-- close content main div --><\/div><\/div>\n<style type=\"text\/css\" data-created_by=\"avia_inline_auto\" id=\"style-css-av-27kyiw-f49a143afd928fd89adf5351a62fbee4\">\n.avia-section.av-27kyiw-f49a143afd928fd89adf5351a62fbee4{\nbackground-repeat:no-repeat;\nbackground-image:url(https:\/\/lumyx.net\/musicmakers\/wp-content\/uploads\/2016\/02\/hero-5.jpg);\nbackground-position:50% 50%;\nbackground-attachment:fixed;\n}\n.avia-section.av-27kyiw-f49a143afd928fd89adf5351a62fbee4 .av-section-color-overlay{\nopacity:0.8;\nbackground-color:#000000;\n}\n<\/style>\n<div id='av_section_3'  class='avia-section av-27kyiw-f49a143afd928fd89adf5351a62fbee4 alternate_color avia-section-huge avia-no-border-styling  avia-builder-el-10  el_after_av_table  el_before_av_layout_row  avia-full-stretch avia-bg-style-fixed av-section-color-overlay-active  container_wrap fullsize'  data-section-bg-repeat='stretch'><div class='av-section-color-overlay-wrap'><div class=\"av-section-color-overlay\"><\/div><div class='container av-section-cont-open' ><div class='template-page content  av-content-full alpha units'><div class='post-entry post-entry-type-page post-entry-528'><div class='entry-content-wrapper clearfix'>\n\n<style type=\"text\/css\" data-created_by=\"avia_inline_auto\" id=\"style-css-av-22z5e0-49ab0e291857cb3e66768e0f4f295a8f\">\n.flex_column.av-22z5e0-49ab0e291857cb3e66768e0f4f295a8f{\nborder-radius:0px 0px 0px 0px;\n-webkit-border-radius:0px 0px 0px 0px;\n-moz-border-radius:0px 0px 0px 0px;\n}\n<\/style>\n<div class='flex_column av-22z5e0-49ab0e291857cb3e66768e0f4f295a8f av_one_fifth  avia-builder-el-11  el_before_av_three_fifth  avia-builder-el-first  first flex_column_div av-zero-column-padding '   ><\/div>\n<style type=\"text\/css\" data-created_by=\"avia_inline_auto\" id=\"style-css-av-1xtq8g-be26acece4811d5175b71d82af30921d\">\n.flex_column.av-1xtq8g-be26acece4811d5175b71d82af30921d{\nborder-radius:0px 0px 0px 0px;\n-webkit-border-radius:0px 0px 0px 0px;\n-moz-border-radius:0px 0px 0px 0px;\n}\n<\/style>\n<div class='flex_column av-1xtq8g-be26acece4811d5175b71d82af30921d av_three_fifth  avia-builder-el-12  el_after_av_one_fifth  el_before_av_one_fifth  flex_column_div av-zero-column-padding '   ><p>\n<style type=\"text\/css\" data-created_by=\"avia_inline_auto\" id=\"style-css-av-jkeongcv-12f2c0ec7503a26478d3293ff232ea0c\">\n#top .av-special-heading.av-jkeongcv-12f2c0ec7503a26478d3293ff232ea0c{\npadding-bottom:20px;\nfont-size:50px;\n}\n<\/style>\n<div  class='av-special-heading av-jkeongcv-12f2c0ec7503a26478d3293ff232ea0c av-special-heading-h1 blockquote modern-quote modern-centered  avia-builder-el-13  el_before_av_textblock  avia-builder-el-first  av-thin-font av-inherit-size '><h1 class='av-special-heading-tag '  itemprop=\"headline\"  >Importante lembrar na negociac\u00e3o de shows<strong>:<\/strong><\/h1><div class='special-heading-border'><div class='special-heading-inner-border'><\/div><\/div><\/div><br \/>\n<section class=\"av_textblock_section \"  itemscope=\"itemscope\" itemtype=\"https:\/\/schema.org\/CreativeWork\" ><div class='avia_textblock  '   itemprop=\"text\" ><p style=\"text-align: center;\">Lorem ipsum dolor sit amet, consectetuer adipiscing elit. Aenean commodo ligula eget dolor. Aenean massa. Cum sociis natoque penatibus et magnis dis parturient montes, nascetur ridiculus mus.<\/p>\n<\/div><\/section><\/p><\/div>\n<style type=\"text\/css\" data-created_by=\"avia_inline_auto\" id=\"style-css-av-1f8qwg-276df8700ceb8efe72d00102e2ac6f58\">\n.flex_column.av-1f8qwg-276df8700ceb8efe72d00102e2ac6f58{\nborder-radius:0px 0px 0px 0px;\n-webkit-border-radius:0px 0px 0px 0px;\n-moz-border-radius:0px 0px 0px 0px;\n}\n<\/style>\n<div class='flex_column av-1f8qwg-276df8700ceb8efe72d00102e2ac6f58 av_one_fifth  avia-builder-el-15  el_after_av_three_fifth  avia-builder-el-last  flex_column_div av-zero-column-padding '   ><\/div>\n\n<\/div><\/div><\/div><!-- close content main div --><\/div><\/div><\/div><div id='av-layout-grid-1'  class='av-layout-grid-container entry-content-wrapper main_color av-flex-cells     avia-builder-el-16  el_after_av_section  avia-builder-el-last  submenu-not-first container_wrap fullsize'  >\n<div class=\"flex_cell no_margin av_one_third  avia-builder-el-17  el_before_av_cell_one_third  avia-builder-el-first   avia-full-stretch \"  style='vertical-align:middle; padding:50px; background-color:#ffffff; ' ><div class='flex_cell_inner' >\n<style type=\"text\/css\" data-created_by=\"avia_inline_auto\" id=\"style-css-av-vkl2o-289d14db861ec6427e61628645dc3889\">\n.avia-animated-number.av-vkl2o-289d14db861ec6427e61628645dc3889{\ncolor:#0a0a0a !important;\n}\n.avia-animated-number.av-vkl2o-289d14db861ec6427e61628645dc3889 .avia-animated-number-title{\nfont-size:50px;\n}\n.avia-animated-number.av-vkl2o-289d14db861ec6427e61628645dc3889 .avia-animated-number-content{\nfont-size:22px;\n}\n<\/style>\n<div  class=\"avia-animated-number av-vkl2o-289d14db861ec6427e61628645dc3889 av-force-default-color avia_animate_when_visible  avia-builder-el-18  avia-builder-el-no-sibling  avia-color-font-custom \" data-timer=\"3000\"><strong class=\"heading avia-animated-number-title\"><span class=\"avia-single-number __av-single-number\" data-number_format=\"\" data-number=\"19\" data-start_from=\"0\">19<\/span><span class=\"avia-no-number\">,<\/span><span class=\"avia-single-number __av-single-number\" data-number_format=\"\" data-number=\"90\" data-start_from=\"0\">90<\/span><span class=\"avia-no-number\">$<\/span><\/strong><div class=\"avia-animated-number-content\"><p>Valores m\u00ednimos<\/p>\n<\/div><\/div>\n<\/div><\/div><div class=\"flex_cell no_margin av_one_third  avia-builder-el-19  el_after_av_cell_one_third  el_before_av_cell_one_third   avia-full-stretch \"  style='vertical-align:middle; padding:50px 50px 50px 50px ; background-color:#292929; ' ><div class='flex_cell_inner' >\n<style type=\"text\/css\" data-created_by=\"avia_inline_auto\" id=\"style-css-av-mlqe0-0f06b193bef49c3094800bc31072f7fc\">\n.avia-animated-number.av-mlqe0-0f06b193bef49c3094800bc31072f7fc{\ncolor:#ffffff !important;\n}\n.avia-animated-number.av-mlqe0-0f06b193bef49c3094800bc31072f7fc .avia-animated-number-title{\nfont-size:50px;\n}\n.avia-animated-number.av-mlqe0-0f06b193bef49c3094800bc31072f7fc .avia-animated-number-content{\nfont-size:22px;\n}\n<\/style>\n<div  class=\"avia-animated-number av-mlqe0-0f06b193bef49c3094800bc31072f7fc av-force-default-color avia_animate_when_visible  avia-builder-el-20  avia-builder-el-no-sibling  avia-color-font-custom \" data-timer=\"3000\"><strong class=\"heading avia-animated-number-title\"><span class=\"avia-single-number __av-single-number\" data-number_format=\"\" data-number=\"298\" data-start_from=\"0\">298<\/span><span class=\"avia-no-number\">.<\/span><span class=\"avia-single-number __av-single-number\" data-number_format=\"\" data-number=\"000\" data-start_from=\"0\">000<\/span><\/strong><div class=\"avia-animated-number-content\"><p>Membros ativos<\/p>\n<\/div><\/div>\n<\/div><\/div><div class=\"flex_cell no_margin av_one_third  avia-builder-el-21  el_after_av_cell_one_third  avia-builder-el-last   avia-full-stretch \"  style='vertical-align:middle; padding:50px 50px 50px 50px ; background-color:#3c3c3c; ' ><div class='flex_cell_inner' >\n<style type=\"text\/css\" data-created_by=\"avia_inline_auto\" id=\"style-css-av-7w068-c7edbb2f6912ebcbcadc08f35d6acb3e\">\n.avia-animated-number.av-7w068-c7edbb2f6912ebcbcadc08f35d6acb3e{\ncolor:#ffffff !important;\n}\n.avia-animated-number.av-7w068-c7edbb2f6912ebcbcadc08f35d6acb3e .avia-animated-number-title{\nfont-size:50px;\n}\n.avia-animated-number.av-7w068-c7edbb2f6912ebcbcadc08f35d6acb3e .avia-animated-number-content{\nfont-size:22px;\n}\n<\/style>\n<div  class=\"avia-animated-number av-7w068-c7edbb2f6912ebcbcadc08f35d6acb3e av-force-default-color avia_animate_when_visible  avia-builder-el-22  avia-builder-el-no-sibling  avia-color-font-custom \" data-timer=\"3000\"><strong class=\"heading avia-animated-number-title\"><span class=\"avia-single-number __av-single-number\" data-number_format=\"\" data-number=\"87\" data-start_from=\"0\">87<\/span><span class=\"avia-no-number\"> Itens Produ\u00e7\u00e3o<\/span><\/strong><div class=\"avia-animated-number-content\"><p>Equipamento<\/p>\n<\/div><\/div>\n<\/div><\/div>\n<\/div>\n","protected":false},"excerpt":{"rendered":"","protected":false},"author":1,"featured_media":0,"parent":0,"menu_order":0,"comment_status":"closed","ping_status":"closed","template":"","meta":{"footnotes":""},"class_list":["post-528","page","type-page","status-publish","hentry"],"_links":{"self":[{"href":"https:\/\/lumyx.net\/musicmakers\/wp-json\/wp\/v2\/pages\/528","targetHints":{"allow":["GET"]}}],"collection":[{"href":"https:\/\/lumyx.net\/musicmakers\/wp-json\/wp\/v2\/pages"}],"about":[{"href":"https:\/\/lumyx.net\/musicmakers\/wp-json\/wp\/v2\/types\/page"}],"author":[{"embeddable":true,"href":"https:\/\/lumyx.net\/musicmakers\/wp-json\/wp\/v2\/users\/1"}],"replies":[{"embeddable":true,"href":"https:\/\/lumyx.net\/musicmakers\/wp-json\/wp\/v2\/comments?post=528"}],"version-history":[{"count":24,"href":"https:\/\/lumyx.net\/musicmakers\/wp-json\/wp\/v2\/pages\/528\/revisions"}],"predecessor-version":[{"id":1635,"href":"https:\/\/lumyx.net\/musicmakers\/wp-json\/wp\/v2\/pages\/528\/revisions\/1635"}],"wp:attachment":[{"href":"https:\/\/lumyx.net\/musicmakers\/wp-json\/wp\/v2\/media?parent=528"}],"curies":[{"name":"wp","href":"https:\/\/api.w.org\/{rel}","templated":true}]}}