{"id":1636,"date":"2020-08-15T15:12:55","date_gmt":"2020-08-15T18:12:55","guid":{"rendered":"http:\/\/lumyx.net\/musicmakers\/?page_id=1636"},"modified":"2020-08-15T17:10:08","modified_gmt":"2020-08-15T20:10:08","slug":"lojas-fisicas-vinil","status":"publish","type":"page","link":"https:\/\/lumyx.net\/musicmakers\/lojas-fisicas-vinil\/","title":{"rendered":"Lojas F\u00edsicas: VINIL"},"content":{"rendered":"<div id='av_section_1'  class='avia-section av-oc0u0w-143766666f45ad384bc43c17b6a9973a main_color avia-section-large avia-no-border-styling  avia-builder-el-0  el_before_av_section  avia-builder-el-first  avia-bg-style-scroll  container_wrap fullsize'  ><div class='container av-section-cont-open' ><main  role=\"main\" itemprop=\"mainContentOfPage\"  class='template-page content  av-content-full alpha units'><div class='post-entry post-entry-type-page post-entry-1636'><div class='entry-content-wrapper clearfix'>\n\n<style type=\"text\/css\" data-created_by=\"avia_inline_auto\" id=\"style-css-av-av_heading-474a9aab2707830a5067e9c0cc021b84\">\n#top .av-special-heading.av-av_heading-474a9aab2707830a5067e9c0cc021b84{\npadding-bottom:30px;\nfont-size:70px;\n}\n.av-special-heading.av-av_heading-474a9aab2707830a5067e9c0cc021b84 .av-subheading{\nfont-size:15px;\n}\n<\/style>\n<div  class='av-special-heading av-av_heading-474a9aab2707830a5067e9c0cc021b84 av-special-heading-h1 blockquote modern-quote  avia-builder-el-1  el_before_av_one_half  avia-builder-el-first  av-thin-font av-inherit-size av-linked-heading '><h1 class='av-special-heading-tag '  itemprop=\"headline\"  >Lojas de <strong>Discos<\/strong><\/h1><div class='av-subheading av-subheading_below '><p>Onde est\u00e3o as lojas que ainda vendem vinil<\/p>\n<\/div><div class='special-heading-border'><div class='special-heading-inner-border'><\/div><\/div><\/div>\n\n<style type=\"text\/css\" data-created_by=\"avia_inline_auto\" id=\"style-css-av-o1get4-27146e645be70e22f6f3433bda64a1b0\">\n.flex_column.av-o1get4-27146e645be70e22f6f3433bda64a1b0{\nborder-radius:0px 0px 0px 0px;\n-webkit-border-radius:0px 0px 0px 0px;\n-moz-border-radius:0px 0px 0px 0px;\n}\n<\/style>\n<div class='flex_column av-o1get4-27146e645be70e22f6f3433bda64a1b0 av_one_half  avia-builder-el-2  el_after_av_heading  el_before_av_one_half  first flex_column_div av-zero-column-padding '   ><section class=\"av_textblock_section \"  itemscope=\"itemscope\" itemtype=\"https:\/\/schema.org\/CreativeWork\" ><div class='avia_textblock  '   itemprop=\"text\" ><p><strong>MusicMakers<\/strong> v\u00ea um movimento de interesse pelo vinil ganhando for\u00e7a. Com isso n\u00e3o s\u00f3 se encontra uma experi\u00eancia da audi\u00e7\u00e3o da m\u00fasica diferente do padr\u00e3o atual, mas tamb\u00e9m o acesso a um acervo \u00e0 grava\u00e7\u00f5es nem sempre digitalizadas.<\/p>\n<p>O site <a href=\"https:\/\/vinylhub.discogs.com\/\" target=\"_blank\" rel=\"noopener noreferrer\">Vinyl Hub<\/a> da Discogs criou um mapa colaborativo cuja proposta \u00e9 listar todas as lojas de discos de vinil do mundo, com a ajuda dos usu\u00e1rios. No total, h\u00e1 quase 7 mil lojas listadas.<\/p>\n<p><strong>Clicando nesse <a href=\"https:\/\/vinylhub.discogs.com\/map\" target=\"_blank\" rel=\"noopener noreferrer\">MAPA DAS LOJAS<\/a> <\/strong>voc\u00ea encontra lojas e sebos espalhados por todos os continentes. Ao clicar nos pontos da interface, aparecem mais informa\u00e7\u00f5es: endere\u00e7o da loja e links para site ou p\u00e1gina de Facebook.<\/p>\n<\/div><\/section><\/div>\n<style type=\"text\/css\" data-created_by=\"avia_inline_auto\" id=\"style-css-av-nrc2ao-3be056c56450f4fff6362a29e764d803\">\n.flex_column.av-nrc2ao-3be056c56450f4fff6362a29e764d803{\nborder-radius:0px 0px 0px 0px;\n-webkit-border-radius:0px 0px 0px 0px;\n-moz-border-radius:0px 0px 0px 0px;\n}\n<\/style>\n<div class='flex_column av-nrc2ao-3be056c56450f4fff6362a29e764d803 av_one_half  avia-builder-el-4  el_after_av_one_half  avia-builder-el-last  flex_column_div av-zero-column-padding '   ><div   data-size='extra_large'  data-lightbox_size='large'  data-animation='slide'  data-conditional_play=''  data-ids='1639'  data-video_counter='0'  data-autoplay='false'  data-bg_slider='false'  data-slide_height=''  data-handle='av_slideshow'  data-interval='5'  data-class=' avia-builder-el-5  avia-builder-el-no-sibling  '  data-el_id=''  data-css_id=''  data-scroll_down=''  data-control_layout='av-control-default'  data-custom_markup=''  data-perma_caption='aviaTBperma_caption'  data-autoplay_stopper=''  data-image_attachment=''  data-min_height='0px'  data-lazy_loading='disabled'  data-img_scrset=''  data-default-height='100'  class='avia-slideshow avia-slideshow-1  av-control-default av-default-height-applied avia-slideshow-extra_large av_slideshow  avia-builder-el-5  avia-builder-el-no-sibling   avia-slide-slider '  itemprop=\"image\" itemscope=\"itemscope\" itemtype=\"https:\/\/schema.org\/ImageObject\" ><ul class='avia-slideshow-inner ' style='padding-bottom: 57.466666666667%;' ><li  class=' av-single-slide slide-1 ' ><a href=\"https:\/\/vinylhub.discogs.com\/map\" target=\"_blank\" rel=\"noopener noreferrer\" data-rel='slideshow-1' class='avia-slide-wrap '><img decoding=\"async\" class=\"wp-image-1639 avia-img-lazy-loading-not-1639\"  src=\"https:\/\/lumyx.net\/musicmakers\/wp-content\/uploads\/2020\/08\/MapaVinylHub-1500x862.png\" width=\"1500\" height=\"862\" title='MapaVinylHub' alt=''  itemprop=\"thumbnailUrl\" srcset=\"https:\/\/lumyx.net\/musicmakers\/wp-content\/uploads\/2020\/08\/MapaVinylHub-1500x862.png 1500w, https:\/\/lumyx.net\/musicmakers\/wp-content\/uploads\/2020\/08\/MapaVinylHub-300x172.png 300w, https:\/\/lumyx.net\/musicmakers\/wp-content\/uploads\/2020\/08\/MapaVinylHub-1030x592.png 1030w, https:\/\/lumyx.net\/musicmakers\/wp-content\/uploads\/2020\/08\/MapaVinylHub-768x441.png 768w, https:\/\/lumyx.net\/musicmakers\/wp-content\/uploads\/2020\/08\/MapaVinylHub-1536x882.png 1536w, https:\/\/lumyx.net\/musicmakers\/wp-content\/uploads\/2020\/08\/MapaVinylHub-2048x1176.png 2048w, https:\/\/lumyx.net\/musicmakers\/wp-content\/uploads\/2020\/08\/MapaVinylHub-705x405.png 705w\" sizes=\"(max-width: 1500px) 100vw, 1500px\" \/><\/a><\/li><\/ul><div class=\"avia-caption av-slideshow-caption\"><div class=\"avia-inner-caption\"><h2  class='avia-caption-title  '  itemprop=\"name\" >Lojas de Vinil no Mundo<\/h2><\/div><\/div><\/div><\/div><\/div><\/div><\/main><!-- close content main element --><\/div><\/div>\n<style type=\"text\/css\" data-created_by=\"avia_inline_auto\" id=\"style-css-av-nh0u3k-da9bde56f14edffb0e3ed112b1b48424\">\n.avia-section.av-nh0u3k-da9bde56f14edffb0e3ed112b1b48424{\nbackground-color:#000000;\n}\n<\/style>\n<div id='av_section_2'  class='avia-section av-nh0u3k-da9bde56f14edffb0e3ed112b1b48424 alternate_color avia-section-large avia-no-border-styling  avia-builder-el-6  el_after_av_section  avia-builder-el-last  avia-bg-style-scroll  container_wrap fullsize'  ><div class='container av-section-cont-open' ><div class='template-page content  av-content-full alpha units'><div class='post-entry post-entry-type-page post-entry-1636'><div class='entry-content-wrapper clearfix'>\n<section class=\"av_textblock_section \"  itemscope=\"itemscope\" itemtype=\"https:\/\/schema.org\/CreativeWork\" ><div class='avia_textblock  '   itemprop=\"text\" ><p>Com o interesse renovado pelo vinil, tamb\u00e9m reacendeu a reforma e a reabertura de f\u00e1bricas de discos, como a Sony japonesa, em vinil que anunciou em 2017 o retorno da produ\u00e7\u00e3o. Tamb\u00e9m novos tipos de aparelhos toca-discos foram lan\u00e7ados, com modelos variados no mercado.<br \/>\nAlguns:<br \/>\n<a href=\"https:\/\/www.t3.com\/features\/best-record-player-best-turntable\" target=\"_blank\" rel=\"noopener noreferrer\">Turntables for vinyl 2020<\/a><br \/>\n<a href=\"https:\/\/www.rollingstone.com\/product-recommendations\/electronics\/best-record-players-budget-affordable-turntables-780295\/\" target=\"_blank\" rel=\"noopener noreferrer\">Best Turntables RollingStone<\/a><\/p>\n<\/div><\/section>\n<\/p>\n","protected":false},"excerpt":{"rendered":"","protected":false},"author":1,"featured_media":0,"parent":0,"menu_order":0,"comment_status":"closed","ping_status":"closed","template":"","meta":{"footnotes":""},"class_list":["post-1636","page","type-page","status-publish","hentry"],"_links":{"self":[{"href":"https:\/\/lumyx.net\/musicmakers\/wp-json\/wp\/v2\/pages\/1636","targetHints":{"allow":["GET"]}}],"collection":[{"href":"https:\/\/lumyx.net\/musicmakers\/wp-json\/wp\/v2\/pages"}],"about":[{"href":"https:\/\/lumyx.net\/musicmakers\/wp-json\/wp\/v2\/types\/page"}],"author":[{"embeddable":true,"href":"https:\/\/lumyx.net\/musicmakers\/wp-json\/wp\/v2\/users\/1"}],"replies":[{"embeddable":true,"href":"https:\/\/lumyx.net\/musicmakers\/wp-json\/wp\/v2\/comments?post=1636"}],"version-history":[{"count":9,"href":"https:\/\/lumyx.net\/musicmakers\/wp-json\/wp\/v2\/pages\/1636\/revisions"}],"predecessor-version":[{"id":1650,"href":"https:\/\/lumyx.net\/musicmakers\/wp-json\/wp\/v2\/pages\/1636\/revisions\/1650"}],"wp:attachment":[{"href":"https:\/\/lumyx.net\/musicmakers\/wp-json\/wp\/v2\/media?parent=1636"}],"curies":[{"name":"wp","href":"https:\/\/api.w.org\/{rel}","templated":true}]}}