{"id":1327,"date":"2019-08-14T03:15:23","date_gmt":"2019-08-14T06:15:23","guid":{"rendered":"http:\/\/lumyx.net\/musicmakers\/?page_id=1327"},"modified":"2019-08-20T21:40:45","modified_gmt":"2019-08-21T00:40:45","slug":"entrevistas-l","status":"publish","type":"page","link":"https:\/\/lumyx.net\/musicmakers\/entrevistas-l\/","title":{"rendered":"Entrevistas l"},"content":{"rendered":"\n<style type=\"text\/css\" data-created_by=\"avia_inline_auto\" id=\"style-css-av-jzaun7yl-345afcdf1f1fcb31abd181fe975001fe\">\n.avia-section.av-jzaun7yl-345afcdf1f1fcb31abd181fe975001fe{\nbackground-color:#f3a914;\n}\n<\/style>\n<div id='av_section_1'  class='avia-section av-jzaun7yl-345afcdf1f1fcb31abd181fe975001fe main_color avia-section-default avia-no-border-styling  avia-builder-el-0  el_before_av_section  avia-builder-el-first  avia-bg-style-scroll  container_wrap fullsize'  ><div class='container av-section-cont-open' ><main  role=\"main\" itemprop=\"mainContentOfPage\"  class='template-page content  av-content-full alpha units'><div class='post-entry post-entry-type-page post-entry-1327'><div class='entry-content-wrapper clearfix'>\n\n<style type=\"text\/css\" data-created_by=\"avia_inline_auto\" id=\"style-css-av-38uzn3-d4c1e5023c2897cc8affb33fa773ede8\">\n#top .av-special-heading.av-38uzn3-d4c1e5023c2897cc8affb33fa773ede8{\npadding-bottom:10px;\nfont-size:58px;\n}\n<\/style>\n<div  class='av-special-heading av-38uzn3-d4c1e5023c2897cc8affb33fa773ede8 av-special-heading-h1 blockquote modern-quote  avia-builder-el-1  el_before_av_one_half  avia-builder-el-first  av-inherit-size '><h1 class='av-special-heading-tag '  itemprop=\"headline\"  >ENTREVISTAS<\/h1><div class='special-heading-border'><div class='special-heading-inner-border'><\/div><\/div><\/div>\n\n<style type=\"text\/css\" data-created_by=\"avia_inline_auto\" id=\"style-css-av-a4aqnj-9d83dfc359ed6116c338d5600bd04921\">\n.flex_column.av-a4aqnj-9d83dfc359ed6116c338d5600bd04921{\nborder-radius:0px 0px 0px 0px;\n-webkit-border-radius:0px 0px 0px 0px;\n-moz-border-radius:0px 0px 0px 0px;\n}\n<\/style>\n<div class='flex_column av-a4aqnj-9d83dfc359ed6116c338d5600bd04921 av_one_half  avia-builder-el-2  el_after_av_heading  el_before_av_one_half  first flex_column_div av-zero-column-padding '   ><section class=\"av_textblock_section \"  itemscope=\"itemscope\" itemtype=\"https:\/\/schema.org\/CreativeWork\" ><div class='avia_textblock  av_inherit_color '  style='color:#ffffff; '  itemprop=\"text\" ><p>A gest\u00e3o da carreira e as estrat\u00e9gias, solu\u00e7\u00f5es e obst\u00e1culos do m\u00fasico profissional: produ\u00e7\u00e3o independente, direitos autorais, divulga\u00e7\u00e3o em m\u00eddias sociais, negociac\u00e3o com contratantes, melhores pr\u00e1ticas\u2026<\/p>\n<\/div><\/section><\/div>\n<style type=\"text\/css\" data-created_by=\"avia_inline_auto\" id=\"style-css-av-x9y0v-feeb1ec258c4fc2ccb25c2dfe5c9fe7e\">\n.flex_column.av-x9y0v-feeb1ec258c4fc2ccb25c2dfe5c9fe7e{\nborder-radius:0px 0px 0px 0px;\n-webkit-border-radius:0px 0px 0px 0px;\n-moz-border-radius:0px 0px 0px 0px;\n}\n<\/style>\n<div class='flex_column av-x9y0v-feeb1ec258c4fc2ccb25c2dfe5c9fe7e av_one_half  avia-builder-el-4  el_after_av_one_half  avia-builder-el-last  flex_column_div av-zero-column-padding '   ><section class=\"av_textblock_section \"  itemscope=\"itemscope\" itemtype=\"https:\/\/schema.org\/CreativeWork\" ><div class='avia_textblock  av_inherit_color '  style='color:#ffffff; '  itemprop=\"text\" ><p>E e o que <em>realmente<\/em> importa pra n\u00f3s:<\/p>\n<h2><strong><span style=\"color: black;\">fazer M\u00daSICA.<\/span><\/strong><\/h2>\n<\/div><\/section><\/div>\n\n<\/div><\/div><\/main><!-- close content main element --><\/div><\/div>\n<style type=\"text\/css\" data-created_by=\"avia_inline_auto\" id=\"style-css-av-jzauqe46-a32cc1fe670f39cbb5f1e760928ad343\">\n.avia-section.av-jzauqe46-a32cc1fe670f39cbb5f1e760928ad343{\nbackground-color:#474643;\n}\n<\/style>\n<div id='av_section_2'  class='avia-section av-jzauqe46-a32cc1fe670f39cbb5f1e760928ad343 alternate_color avia-section-default avia-no-border-styling  avia-builder-el-6  el_after_av_section  el_before_av_section  avia-bg-style-scroll  container_wrap fullsize'  ><div class='container av-section-cont-open' ><div class='template-page content  av-content-full alpha units'><div class='post-entry post-entry-type-page post-entry-1327'><div class='entry-content-wrapper clearfix'>\n\n<style type=\"text\/css\" data-created_by=\"avia_inline_auto\" id=\"style-css-av-7u5s1b-2c1fd8c8f9cdc1bf2f4f297c4c4454b5\">\n.flex_column.av-7u5s1b-2c1fd8c8f9cdc1bf2f4f297c4c4454b5{\nborder-radius:0px 0px 0px 0px;\n-webkit-border-radius:0px 0px 0px 0px;\n-moz-border-radius:0px 0px 0px 0px;\n}\n<\/style>\n<div class='flex_column av-7u5s1b-2c1fd8c8f9cdc1bf2f4f297c4c4454b5 av_one_half  avia-builder-el-7  el_before_av_one_half  avia-builder-el-first  first flex_column_div av-zero-column-padding '   ><p>\n<style type=\"text\/css\" data-created_by=\"avia_inline_auto\" id=\"style-css-av-av_heading-3778f09a7c5ec90384826bdcb59166a1\">\n#top .av-special-heading.av-av_heading-3778f09a7c5ec90384826bdcb59166a1{\npadding-bottom:10px;\ncolor:#ffffff;\n}\n.av-special-heading.av-av_heading-3778f09a7c5ec90384826bdcb59166a1 .special-heading-inner-border{\nborder-color:#ffffff;\n}\n.av-special-heading.av-av_heading-3778f09a7c5ec90384826bdcb59166a1 .av-subheading{\nfont-size:15px;\n}\n<\/style>\n<div  class='av-special-heading av-av_heading-3778f09a7c5ec90384826bdcb59166a1 av-special-heading-h2 custom-color-heading blockquote modern-quote  avia-builder-el-8  el_before_av_video  avia-builder-el-first  '><h2 class='av-special-heading-tag '  itemprop=\"headline\"  >ARTISTAS INDEPENDENTES<\/h2><div class='av_custom_color av-subheading av-subheading_below '><p>compositores-int\u00e9rpretes que gerenciam suas carreiras<\/p>\n<\/div><div class='special-heading-border'><div class='special-heading-inner-border'><\/div><\/div><\/div><br \/>\n<div  class='avia-video avia-video-16-9   av-lazyload-immediate  av-lazyload-video-embed  ' style='background-image:url(\"https:\/\/lumyx.net\/musicmakers\/wp-content\/uploads\/2019\/08\/TelaFrejat-1.jpg\");'  itemprop=\"video\" itemtype=\"https:\/\/schema.org\/VideoObject\"  data-original_url='https:\/\/youtu.be\/YCpEhFh9HMQ' ><script type='text\/html' class='av-video-tmpl'><div class='avia-iframe-wrap'><iframe loading=\"lazy\" title=\"MusicMakers Entrevista FREJAT: Direitos Autorais no Streaming\" width=\"1500\" height=\"844\" src=\"https:\/\/www.youtube.com\/embed\/YCpEhFh9HMQ?feature=oembed&autoplay=0&loop=0&controls=1&mute=0\" frameborder=\"0\" allow=\"accelerometer; autoplay; clipboard-write; encrypted-media; gyroscope; picture-in-picture\" allowfullscreen><\/iframe><\/div><\/script><div class='av-click-to-play-overlay'><div class=\"avia_playpause_icon\"><\/div><\/div><\/div><br \/>\n<section class=\"av_textblock_section \"  itemscope=\"itemscope\" itemtype=\"https:\/\/schema.org\/CreativeWork\" ><div class='avia_textblock  av_inherit_color '  style='color:#ffffff; '  itemprop=\"text\" ><p><strong>Roberto Frejat<\/strong>, compositor, cantor e guitarrista h\u00e1 mais de trinta anos, destrincha os meandros do direito autoral na era digital.<\/p>\n<\/div><\/section><\/p><\/div>\n<style type=\"text\/css\" data-created_by=\"avia_inline_auto\" id=\"style-css-av-63949b-d9c49d4b6de9c3f42991ebbd8d8d5076\">\n.flex_column.av-63949b-d9c49d4b6de9c3f42991ebbd8d8d5076{\nborder-radius:0px 0px 0px 0px;\n-webkit-border-radius:0px 0px 0px 0px;\n-moz-border-radius:0px 0px 0px 0px;\n}\n<\/style>\n<div class='flex_column av-63949b-d9c49d4b6de9c3f42991ebbd8d8d5076 av_one_half  avia-builder-el-11  el_after_av_one_half  avia-builder-el-last  flex_column_div av-zero-column-padding '   ><p>\n<style type=\"text\/css\" data-created_by=\"avia_inline_auto\" id=\"style-css-av-av_heading-7ed882d36d9399098cab0a276ccfdd7c\">\n#top .av-special-heading.av-av_heading-7ed882d36d9399098cab0a276ccfdd7c{\npadding-bottom:10px;\ncolor:#ffffff;\n}\n.av-special-heading.av-av_heading-7ed882d36d9399098cab0a276ccfdd7c .special-heading-inner-border{\nborder-color:#ffffff;\n}\n.av-special-heading.av-av_heading-7ed882d36d9399098cab0a276ccfdd7c .av-subheading{\nfont-size:15px;\n}\n<\/style>\n<div  class='av-special-heading av-av_heading-7ed882d36d9399098cab0a276ccfdd7c av-special-heading-h2 custom-color-heading blockquote modern-quote  avia-builder-el-12  el_before_av_video  avia-builder-el-first  '><h2 class='av-special-heading-tag '  itemprop=\"headline\"  >FORMA\u00c7\u00c3O ESTUDANTES<\/h2><div class='av_custom_color av-subheading av-subheading_below '><p>como \u00e9 estudar m\u00fasica no s\u00e9culo 21<\/p>\n<\/div><div class='special-heading-border'><div class='special-heading-inner-border'><\/div><\/div><\/div><br \/>\n<div  class='avia-video avia-video-16-9   av-lazyload-immediate  av-lazyload-video-embed  ' style='background-image:url(\"https:\/\/lumyx.net\/musicmakers\/wp-content\/uploads\/2019\/08\/Tela-Francione.jpg\");'  itemprop=\"video\" itemtype=\"https:\/\/schema.org\/VideoObject\"  data-original_url='https:\/\/www.youtube.com\/watch?v=cH3ve_W_ZrE&feature=youtu.be' ><script type='text\/html' class='av-video-tmpl'><div class='avia-iframe-wrap'><iframe loading=\"lazy\" title=\"MusicMakers Entrevista: Universidade x Mercado de Trabalho da M\u00fasica |\" width=\"1500\" height=\"844\" src=\"https:\/\/www.youtube.com\/embed\/cH3ve_W_ZrE?feature=oembed&autoplay=0&loop=0&controls=1&mute=0\" frameborder=\"0\" allow=\"accelerometer; autoplay; clipboard-write; encrypted-media; gyroscope; picture-in-picture\" allowfullscreen><\/iframe><\/div><\/script><div class='av-click-to-play-overlay'><div class=\"avia_playpause_icon\"><\/div><\/div><\/div><br \/>\n<section class=\"av_textblock_section \"  itemscope=\"itemscope\" itemtype=\"https:\/\/schema.org\/CreativeWork\" ><div class='avia_textblock  av_inherit_color '  style='color:#ffffff; '  itemprop=\"text\" ><p><strong>Renan Francione<\/strong>\u00a0estuda bacharelado em piano na Escola de M\u00fasica da UFRJ<\/p>\n<\/div><\/section><\/p><\/div><\/div><\/div><\/div><!-- close content main div --><\/div><\/div>\n<style type=\"text\/css\" data-created_by=\"avia_inline_auto\" id=\"style-css-av-jzauqe46-a32cc1fe670f39cbb5f1e760928ad343\">\n.avia-section.av-jzauqe46-a32cc1fe670f39cbb5f1e760928ad343{\nbackground-color:#474643;\n}\n<\/style>\n<div id='av_section_3'  class='avia-section av-jzauqe46-a32cc1fe670f39cbb5f1e760928ad343 alternate_color avia-section-default avia-no-border-styling  avia-builder-el-15  el_after_av_section  avia-builder-el-last  avia-bg-style-scroll  container_wrap fullsize'  ><div class='container av-section-cont-open' ><div class='template-page content  av-content-full alpha units'><div class='post-entry post-entry-type-page post-entry-1327'><div class='entry-content-wrapper clearfix'>\n\n<style type=\"text\/css\" data-created_by=\"avia_inline_auto\" id=\"style-css-av-4ncjqn-193b985977fe5df264fa023cd3e79896\">\n.flex_column.av-4ncjqn-193b985977fe5df264fa023cd3e79896{\nborder-radius:0px 0px 0px 0px;\n-webkit-border-radius:0px 0px 0px 0px;\n-moz-border-radius:0px 0px 0px 0px;\n}\n<\/style>\n<div class='flex_column av-4ncjqn-193b985977fe5df264fa023cd3e79896 av_one_half  avia-builder-el-16  el_before_av_one_half  avia-builder-el-first  first flex_column_div av-zero-column-padding '   ><p>\n<style type=\"text\/css\" data-created_by=\"avia_inline_auto\" id=\"style-css-av-3iu00v-62b6d1a064ec009b5c2530734b207063\">\n#top .av-special-heading.av-3iu00v-62b6d1a064ec009b5c2530734b207063{\npadding-bottom:10px;\ncolor:#ffffff;\n}\n.av-special-heading.av-3iu00v-62b6d1a064ec009b5c2530734b207063 .special-heading-inner-border{\nborder-color:#ffffff;\n}\n.av-special-heading.av-3iu00v-62b6d1a064ec009b5c2530734b207063 .av-subheading{\nfont-size:15px;\n}\n<\/style>\n<div  class='av-special-heading av-3iu00v-62b6d1a064ec009b5c2530734b207063 av-special-heading-h2 custom-color-heading blockquote modern-quote  avia-builder-el-17  el_before_av_video  avia-builder-el-first  '><h2 class='av-special-heading-tag '  itemprop=\"headline\"  >M\u00daSICOS INDEPENDENTES<\/h2><div class='av_custom_color av-subheading av-subheading_below '><p>pela estrada afora com o instrumento<\/p>\n<\/div><div class='special-heading-border'><div class='special-heading-inner-border'><\/div><\/div><\/div><br \/>\n<div  class='avia-video avia-video-16-9   av-lazyload-immediate  av-lazyload-video-embed  ' style='background-image:url(\"https:\/\/lumyx.net\/musicmakers\/wp-content\/uploads\/2019\/08\/Tela-Suzano1.jpg\");'  itemprop=\"video\" itemtype=\"https:\/\/schema.org\/VideoObject\"  data-original_url='' ><script type='text\/html' class='av-video-tmpl'><\/script><div class='av-click-to-play-overlay'><div class=\"avia_playpause_icon\"><\/div><\/div><\/div><br \/>\n<section class=\"av_textblock_section \"  itemscope=\"itemscope\" itemtype=\"https:\/\/schema.org\/CreativeWork\" ><div class='avia_textblock  av_inherit_color '  style='color:#ffffff; '  itemprop=\"text\" ><p><strong>Marcos Suzano<\/strong>, criador da linguagem pop do pandeiro e percussionista de turn\u00eas do Oiapoque ao Jap\u00e3o, fala do ecossistema digital da m\u00fasica com olhar de economista.<\/p>\n<\/div><\/section><\/p><\/div>\n<style type=\"text\/css\" data-created_by=\"avia_inline_auto\" id=\"style-css-av-a340f-a543d8e0e6b0fec2daff6d6a5b1b7f49\">\n.flex_column.av-a340f-a543d8e0e6b0fec2daff6d6a5b1b7f49{\nborder-radius:0px 0px 0px 0px;\n-webkit-border-radius:0px 0px 0px 0px;\n-moz-border-radius:0px 0px 0px 0px;\n}\n<\/style>\n<div class='flex_column av-a340f-a543d8e0e6b0fec2daff6d6a5b1b7f49 av_one_half  avia-builder-el-20  el_after_av_one_half  avia-builder-el-last  flex_column_div av-zero-column-padding '   ><p>\n<style type=\"text\/css\" data-created_by=\"avia_inline_auto\" id=\"style-css-av-2r7wzj-7dfdbf3dcd1e49ab1037a085dd559076\">\n#top .av-special-heading.av-2r7wzj-7dfdbf3dcd1e49ab1037a085dd559076{\npadding-bottom:10px;\ncolor:#ffffff;\n}\n.av-special-heading.av-2r7wzj-7dfdbf3dcd1e49ab1037a085dd559076 .special-heading-inner-border{\nborder-color:#ffffff;\n}\n.av-special-heading.av-2r7wzj-7dfdbf3dcd1e49ab1037a085dd559076 .av-subheading{\nfont-size:15px;\n}\n<\/style>\n<div  class='av-special-heading av-2r7wzj-7dfdbf3dcd1e49ab1037a085dd559076 av-special-heading-h2 custom-color-heading blockquote modern-quote  avia-builder-el-21  el_before_av_video  avia-builder-el-first  '><h2 class='av-special-heading-tag '  itemprop=\"headline\"  >AUTORES DE TRILHA SONORA<\/h2><div class='av_custom_color av-subheading av-subheading_below '><p>compondo e produzindo para audiovisual<\/p>\n<\/div><div class='special-heading-border'><div class='special-heading-inner-border'><\/div><\/div><\/div><br \/>\n<div  class='avia-video avia-video-16-9   av-lazyload-immediate  av-lazyload-video-embed  ' style='background-image:url(\"https:\/\/lumyx.net\/musicmakers\/wp-content\/uploads\/2019\/08\/Rela-Rosemblit.jpg\");'  itemprop=\"video\" itemtype=\"https:\/\/schema.org\/VideoObject\"  data-original_url='' ><script type='text\/html' class='av-video-tmpl'><\/script><div class='av-click-to-play-overlay'><div class=\"avia_playpause_icon\"><\/div><\/div><\/div><br \/>\n<section class=\"av_textblock_section \"  itemscope=\"itemscope\" itemtype=\"https:\/\/schema.org\/CreativeWork\" ><div class='avia_textblock  av_inherit_color '  style='color:#ffffff; '  itemprop=\"text\" ><p><strong>Alberto Rosemblit<\/strong>\u00a0traz um panorama sobre sua carreira de m\u00fasico na v\u00eanus platinada e outras emissoras de TV<\/p>\n<\/div><\/section><\/p><\/div>\n<\/p>\n","protected":false},"excerpt":{"rendered":"","protected":false},"author":1,"featured_media":0,"parent":0,"menu_order":0,"comment_status":"closed","ping_status":"closed","template":"","meta":{"footnotes":""},"class_list":["post-1327","page","type-page","status-publish","hentry"],"_links":{"self":[{"href":"https:\/\/lumyx.net\/musicmakers\/wp-json\/wp\/v2\/pages\/1327","targetHints":{"allow":["GET"]}}],"collection":[{"href":"https:\/\/lumyx.net\/musicmakers\/wp-json\/wp\/v2\/pages"}],"about":[{"href":"https:\/\/lumyx.net\/musicmakers\/wp-json\/wp\/v2\/types\/page"}],"author":[{"embeddable":true,"href":"https:\/\/lumyx.net\/musicmakers\/wp-json\/wp\/v2\/users\/1"}],"replies":[{"embeddable":true,"href":"https:\/\/lumyx.net\/musicmakers\/wp-json\/wp\/v2\/comments?post=1327"}],"version-history":[{"count":6,"href":"https:\/\/lumyx.net\/musicmakers\/wp-json\/wp\/v2\/pages\/1327\/revisions"}],"predecessor-version":[{"id":1754,"href":"https:\/\/lumyx.net\/musicmakers\/wp-json\/wp\/v2\/pages\/1327\/revisions\/1754"}],"wp:attachment":[{"href":"https:\/\/lumyx.net\/musicmakers\/wp-json\/wp\/v2\/media?parent=1327"}],"curies":[{"name":"wp","href":"https:\/\/api.w.org\/{rel}","templated":true}]}}