{"id":1137,"date":"2019-05-25T22:15:41","date_gmt":"2019-05-26T01:15:41","guid":{"rendered":"http:\/\/lumyx.net\/musicmakers\/?page_id=1137"},"modified":"2021-04-23T19:01:00","modified_gmt":"2021-04-23T22:01:00","slug":"agregadores","status":"publish","type":"page","link":"https:\/\/lumyx.net\/musicmakers\/agregadores\/","title":{"rendered":"Agregadores"},"content":{"rendered":"\n<style type=\"text\/css\" data-created_by=\"avia_inline_auto\" id=\"style-css-av-kno3bymi-da235713b3cb0004358d51bc2661822c\">\n.avia-section.av-kno3bymi-da235713b3cb0004358d51bc2661822c{\nbackground-color:#f7e222;\n}\n<\/style>\n<div id='av_section_1'  class='avia-section av-kno3bymi-da235713b3cb0004358d51bc2661822c main_color avia-section-default avia-no-border-styling  avia-builder-el-0  el_before_av_section  avia-builder-el-first  avia-bg-style-scroll  container_wrap fullsize'  ><div class='container av-section-cont-open' ><main  role=\"main\" itemprop=\"mainContentOfPage\"  class='template-page content  av-content-full alpha units'><div class='post-entry post-entry-type-page post-entry-1137'><div class='entry-content-wrapper clearfix'>\n\n<style type=\"text\/css\" data-created_by=\"avia_inline_auto\" id=\"style-css-av-knut7oln-7dc1aa53f635044b7d06eee59c8a902f\">\n#top .av-special-heading.av-knut7oln-7dc1aa53f635044b7d06eee59c8a902f{\npadding-bottom:30px;\nfont-size:70px;\n}\n.av-special-heading.av-knut7oln-7dc1aa53f635044b7d06eee59c8a902f .av-subheading{\nfont-size:15px;\n}\n<\/style>\n<div  class='av-special-heading av-knut7oln-7dc1aa53f635044b7d06eee59c8a902f av-special-heading-h2 blockquote modern-quote modern-centered  avia-builder-el-1  el_before_av_timeline  avia-builder-el-first  av-inherit-size '><h2 class='av-special-heading-tag '  itemprop=\"headline\"  >Agregadores<\/h2><div class='av-subheading av-subheading_below '><p>a atual rota para fazer DISTRIBUI\u00c7\u00c3O DIGITAL de sua m\u00fasica<\/p>\n<\/div><div class='special-heading-border'><div class='special-heading-inner-border'><\/div><\/div><\/div>\n<div  id=\"avia-timeline-1\"  class='avia-timeline-container avia-slideshow-carousel   avia-builder-el-2  el_after_av_heading  el_before_av_textblock ' avia-data-slides='3'><ul class='avia-timeline avia-timeline-horizontal av-milestone-placement-bottom avia-timeline-boxshadow avia_animate_when_almost_visible avia-timeline-animate'>\n<li  class='av-milestone av-animated-generic fade-in av-milestone-odd  '><article class='av-milestone-content-wrap'><div class='av-milestone-contentbox' ><header class=\"entry-content-header\"><h4  class=' '>ARTISTA\/BANDA<\/h4><\/header><div class='av-milestone-content' ><\/div><\/div><footer  class='entry-footer'><\/footer><\/article><div class=\"av-milestone-icon-wrap\"><span class='milestone_icon avia-font-entypo-fontello' ><span class='milestone_inner' ><i class='milestone-char' aria-hidden='true' data-av_icon='\ue801' data-av_iconfont='entypo-fontello'><\/i><\/span><\/span><\/div><h2 class='av-milestone-date  '  id='milestone-single-ou-album'><strong>single ou \u00e1lbum<span class='av-milestone-indicator'><\/span><\/strong><\/h2><\/li>\n<li  class='av-milestone av-animated-generic fade-in av-milestone-even  '><article class='av-milestone-content-wrap'><div class='av-milestone-contentbox' ><header class=\"entry-content-header\"><h4  class=' '>AGREGADOR(ES)<\/h4><\/header><div class='av-milestone-content' ><\/div><\/div><footer  class='entry-footer'><\/footer><\/article><div class=\"av-milestone-icon-wrap\"><span class='milestone_icon avia-font-entypo-fontello' ><span class='milestone_inner' ><i class='milestone-char' aria-hidden='true' data-av_icon='\ue8da' data-av_iconfont='entypo-fontello'><\/i><\/span><\/span><\/div><h2 class='av-milestone-date  '  id='milestone-faz-a-distribuicao-digital'><strong>Faz a distribui\u00e7\u00e3o digital<span class='av-milestone-indicator'><\/span><\/strong><\/h2><\/li>\n<li  class='av-milestone av-animated-generic fade-in av-milestone-odd  '><article class='av-milestone-content-wrap'><div class='av-milestone-contentbox' ><header class=\"entry-content-header\"><h4  class=' '>PLATAFORMAS<\/h4><\/header><div class='av-milestone-content' ><\/div><\/div><footer  class='entry-footer'><\/footer><\/article><div class=\"av-milestone-icon-wrap\"><span class='milestone_icon avia-font-entypo-fontello' ><span class='milestone_inner' ><i class='milestone-char' aria-hidden='true' data-av_icon='\ue8d2' data-av_iconfont='entypo-fontello'><\/i><\/span><\/span><\/div><h2 class='av-milestone-date  '  id='milestone-acesso-para-ouvintes'><strong>ACESSO PARA OUVINTES<span class='av-milestone-indicator'><\/span><\/strong><\/h2><\/li>\n<\/ul><div class='av-timeline-nav '><a href='#prev' class='prev-slide av-timeline-nav-prev'><span aria-hidden='true' data-av_icon='\ue87c' data-av_iconfont='entypo-fontello'>Previous<\/span><\/a><a href='#next' class='next-slide av-timeline-nav-next'><span aria-hidden='true' data-av_icon='\ue87d' data-av_iconfont='entypo-fontello'>Next<\/span><\/a><\/div><\/div>\n<section class=\"av_textblock_section \"  itemscope=\"itemscope\" itemtype=\"https:\/\/schema.org\/CreativeWork\" ><div class='avia_textblock  '   itemprop=\"text\" ><h3 style=\"text-align: center;\">Veja + abaixo nosso comparativo de agregadores<\/h3>\n<p style=\"text-align: center;\">\n<style type=\"text\/css\" data-created_by=\"avia_inline_auto\" id=\"style-css-av-4v491d-43a2ac66752f3846c94d0d07bc9f878b\">\n.av_font_icon.av-4v491d-43a2ac66752f3846c94d0d07bc9f878b .av-icon-char{\nfont-size:40px;\nline-height:40px;\n}\n<\/style>\n<span  class=\"av_font_icon av-4v491d-43a2ac66752f3846c94d0d07bc9f878b avia_animate_when_visible av-icon-style- avia-icon-pos-center av-no-color avia-icon-animate \"><span class='av-icon-char' aria-hidden='true' data-av_icon='\ue887' data-av_iconfont='entypo-fontello' ><\/span><\/span><\/p>\n<\/div><\/section>\n<\/div><\/div><\/main><!-- close content main element --><\/div><\/div><div id='av_section_2'  class='avia-section av-oc0u0w-143766666f45ad384bc43c17b6a9973a main_color avia-section-large avia-no-border-styling  avia-builder-el-5  el_after_av_section  el_before_av_section  avia-bg-style-scroll  container_wrap fullsize'  ><div class='container av-section-cont-open' ><div class='template-page content  av-content-full alpha units'><div class='post-entry post-entry-type-page post-entry-1137'><div class='entry-content-wrapper clearfix'>\n\n<style type=\"text\/css\" data-created_by=\"avia_inline_auto\" id=\"style-css-av-o1get4-27146e645be70e22f6f3433bda64a1b0\">\n.flex_column.av-o1get4-27146e645be70e22f6f3433bda64a1b0{\nborder-radius:0px 0px 0px 0px;\n-webkit-border-radius:0px 0px 0px 0px;\n-moz-border-radius:0px 0px 0px 0px;\n}\n<\/style>\n<div class='flex_column av-o1get4-27146e645be70e22f6f3433bda64a1b0 av_one_half  avia-builder-el-6  el_before_av_one_half  avia-builder-el-first  first flex_column_div av-zero-column-padding '   ><section class=\"av_textblock_section \"  itemscope=\"itemscope\" itemtype=\"https:\/\/schema.org\/CreativeWork\" ><div class='avia_textblock  '   itemprop=\"text\" ><p><strong>A \u00fanica forma de fazer sua m\u00fasica chegar nas plataformas digitais<\/strong> como Spotify, Apple Music, Deezer, TikTok etc\u00a0 (os chamados &#8220;DSPs&#8221; &#8211; <em>Digital Service Providers, ou &#8220;lojas&#8221;<\/em>) <strong>\u00e9<\/strong> <strong>contratar algum agregador (distribuidor)<\/strong>. S\u00e3o eles que fazem a distribui\u00e7\u00e3o digital dos seus fonogramas para as v\u00e1rias plataformas e, \u00e0s vezes, fornecem alguns outros servi\u00e7os. H\u00e1 diversas empresas agregadoras. Poucas s\u00e3o brasileiras, e j\u00e1 h\u00e1 algumas internacionais sediadas no Brasil. Se achar vantajoso, nada impede voc\u00ea de contratar uma empresa <em>gringa<\/em>. Mas lembre-se de conferir a atribui\u00e7\u00e3o do ISRC de seus fonogramas, e dar aten\u00e7\u00e3o \u00e0s quest\u00f5es fiscais de remessa de dinheiro.<\/p>\n<h4 style=\"text-align: right;\"><\/h4>\n<\/div><\/section><\/div>\n<style type=\"text\/css\" data-created_by=\"avia_inline_auto\" id=\"style-css-av-o1get4-fdcd1986ffaa8adf4883bdcf275f8ef9\">\n.flex_column.av-o1get4-fdcd1986ffaa8adf4883bdcf275f8ef9{\nborder-radius:0px 0px 0px 0px;\n-webkit-border-radius:0px 0px 0px 0px;\n-moz-border-radius:0px 0px 0px 0px;\n}\n<\/style>\n<div class='flex_column av-o1get4-fdcd1986ffaa8adf4883bdcf275f8ef9 av_one_half  avia-builder-el-8  el_after_av_one_half  el_before_av_icon_box  flex_column_div av-zero-column-padding '   ><section class=\"av_textblock_section \"  itemscope=\"itemscope\" itemtype=\"https:\/\/schema.org\/CreativeWork\" ><div class='avia_textblock  '   itemprop=\"text\" ><p><strong>A ESCOLHA:<\/strong> leve em conta os fatores que diferenciam os agregadores, como seus pre\u00e7os x pacotes de servi\u00e7os, suporte ao cliente, prazo de entrega \u00e0s plataformas, relat\u00f3rios de desempenho etc.<\/p>\n<p>\u00c9 poss\u00edvel ter mais de um agregador (vale a pena pagar por isso?), mas s\u00f3 pode haver um \u00fanico agregador por fonograma. Se n\u00e3o estiver satisfeito, voc\u00ea tamb\u00e9m pode trocar a empresa que faz sua distribui\u00e7\u00e3o, sem perder as estat\u00edsticas de <em>plays<\/em> \u2013 mas isso n\u00e3o \u00e9 t\u00e3o simples.<\/p>\n<h4 style=\"text-align: right;\"><\/h4>\n<\/div><\/section><\/div><article  class=\"iconbox iconbox_left av-knut9md4-f2d026b851eb7d7c9bbf675111be3274  avia-builder-el-10  el_after_av_one_half  el_before_av_textblock  \"  itemscope=\"itemscope\" itemtype=\"https:\/\/schema.org\/CreativeWork\" ><div class=\"iconbox_content\"><header class=\"entry-content-header\"><div class=\"iconbox_icon heading-color\" aria-hidden='true' data-av_icon='\ue83e' data-av_iconfont='entypo-fontello'><\/div><h3 class='iconbox_content_title  '  itemprop=\"headline\" >Lembre-se:<\/h3><\/header><div class='iconbox_content_container  '  itemprop=\"text\" ><p>N\u00e3o basta ter sua m\u00fasica nas plataformas para ganhar &#8220;plays&#8221;. \u00c9 preciso <strong>divulgar seu trabalho<\/strong> e obter uma <strong>base de f\u00e3s<\/strong>. Ter fonogramas em <em>playlists<\/em> tem\u00e1ticas editoriais ajuda. Tudo isso pertence \u00e0 \u00e1rea de <strong>divulga\u00e7\u00e3o<\/strong> e <strong>marketing<\/strong>.<\/p>\n<\/div><\/div><footer class=\"entry-footer\"><\/footer><\/article>\n<section class=\"av_textblock_section \"  itemscope=\"itemscope\" itemtype=\"https:\/\/schema.org\/CreativeWork\" ><div class='avia_textblock  '   itemprop=\"text\" ><h3 style=\"text-align: center;\">Veja + abaixo nosso comparativo de agregadores<\/h3>\n<p style=\"text-align: center;\">\n<style type=\"text\/css\" data-created_by=\"avia_inline_auto\" id=\"style-css-av-264ivl-023c19042834fc04a02634f3c2567192\">\n.av_font_icon.av-264ivl-023c19042834fc04a02634f3c2567192 .av-icon-char{\nfont-size:40px;\nline-height:40px;\n}\n<\/style>\n<span  class=\"av_font_icon av-264ivl-023c19042834fc04a02634f3c2567192 avia_animate_when_visible av-icon-style- avia-icon-pos-center av-no-color avia-icon-animate \"><span class='av-icon-char' aria-hidden='true' data-av_icon='\ue887' data-av_iconfont='entypo-fontello' ><\/span><\/span><\/p>\n<\/div><\/section>\n<\/div><\/div><\/div><!-- close content main div --><\/div><\/div><div id='av_section_3'  class='avia-section av-nh0u3k-d60ab5d9a162879ab3f022de09585e2b alternate_color avia-section-large avia-no-border-styling  avia-builder-el-13  el_after_av_section  el_before_av_section  avia-bg-style-scroll  container_wrap fullsize'  ><div class='container av-section-cont-open' ><div class='template-page content  av-content-full alpha units'><div class='post-entry post-entry-type-page post-entry-1137'><div class='entry-content-wrapper clearfix'>\n<div  class='avia-icon-list-container av-knuu2bll-f125025f7b83061bf862c39d1ab13c4d  avia-builder-el-14  el_before_av_textblock  avia-builder-el-first  '><ul class='avia-icon-list avia_animate_when_almost_visible avia-icon-list-left av-iconlist-big av-knuu2bll-f125025f7b83061bf862c39d1ab13c4d avia-iconlist-animate'>\n<li><div class='iconlist_icon av-av_iconlist_item-debfdc144eff33f3c784a6843827e7a3 avia-font-entypo-fontello'><span class='iconlist-char ' aria-hidden='true' data-av_icon='\ue8da' data-av_iconfont='entypo-fontello'><\/span><\/div><article class=\"article-icon-entry \"  itemscope=\"itemscope\" itemtype=\"https:\/\/schema.org\/CreativeWork\" ><div class='iconlist_content_wrap'><header class=\"entry-content-header\"><h4 class='av_iconlist_title iconlist_title   '  itemprop=\"headline\" >Principais plataformas atendidas<\/h4><\/header><div class='iconlist_content  '  itemprop=\"text\" ><p>Com certeza sua m\u00fasica precisa ser distribu\u00edda no m\u00ednimo no Spotify, Deezer, TikTok, Instagram Stories, Facebook Stories, Deezer, Tidal, Amazon, Apple Music, etc. Compare o alcance de outras al\u00e9m dessas.<\/p>\n<\/div><\/div><footer class=\"entry-footer\"><\/footer><\/article><div class='iconlist-timeline'><\/div><\/li>\n<li><div class='iconlist_icon av-av_iconlist_item-bfbe66831a018a66b24db25c3b05f043 avia-font-entypo-fontello'><span class='iconlist-char ' aria-hidden='true' data-av_icon='\ue8d3' data-av_iconfont='entypo-fontello'><\/span><\/div><article class=\"article-icon-entry \"  itemscope=\"itemscope\" itemtype=\"https:\/\/schema.org\/CreativeWork\" ><div class='iconlist_content_wrap'><header class=\"entry-content-header\"><h4 class='av_iconlist_title iconlist_title   '  itemprop=\"headline\" >Pre\u00e7o x N\u00ba de M\u00fasicas lan\u00e7adas<\/h4><\/header><div class='iconlist_content  '  itemprop=\"text\" ><p>Alguns cobram <strong>valor $<\/strong> por cada single, outras cobram <strong>valor $<\/strong> anual por n\u00ba de lan\u00e7amentos ilimitados. Fa\u00e7a um planejamento e calcule o que se adequa a seu caso.<\/p>\n<\/div><\/div><footer class=\"entry-footer\"><\/footer><\/article><div class='iconlist-timeline'><\/div><\/li>\n<\/ul><\/div>\n<section class=\"av_textblock_section \"  itemscope=\"itemscope\" itemtype=\"https:\/\/schema.org\/CreativeWork\" ><div class='avia_textblock  '   itemprop=\"text\" ><p><iframe loading=\"lazy\" src=\"https:\/\/docs.google.com\/spreadsheets\/d\/e\/2PACX-1vSG9Dvpy8mLbjJe6gWdgz0Vb8zggcpBnJHHClq7qfOUlci5mIM-gema9kIDRWnVb33QMyjFfK829wm7\/pubhtml?widget=true&amp;headers=false\" width=\"1500\" height=\"1000\"><\/iframe><\/p>\n<\/div><\/section>\n<\/div><\/div><\/div><!-- close content main div --><\/div><\/div>\n<style type=\"text\/css\" data-created_by=\"avia_inline_auto\" id=\"style-css-av-27kyiw-f49a143afd928fd89adf5351a62fbee4\">\n.avia-section.av-27kyiw-f49a143afd928fd89adf5351a62fbee4{\nbackground-repeat:no-repeat;\nbackground-image:url(https:\/\/lumyx.net\/musicmakers\/wp-content\/uploads\/2016\/02\/hero-5.jpg);\nbackground-position:50% 50%;\nbackground-attachment:fixed;\n}\n.avia-section.av-27kyiw-f49a143afd928fd89adf5351a62fbee4 .av-section-color-overlay{\nopacity:0.8;\nbackground-color:#000000;\n}\n<\/style>\n<div id='av_section_4'  class='avia-section av-27kyiw-f49a143afd928fd89adf5351a62fbee4 alternate_color avia-section-huge avia-no-border-styling  avia-builder-el-16  el_after_av_section  el_before_av_layout_row  avia-full-stretch avia-bg-style-fixed av-section-color-overlay-active  container_wrap fullsize'  data-section-bg-repeat='stretch'><div class='av-section-color-overlay-wrap'><div class=\"av-section-color-overlay\"><\/div><div class='container av-section-cont-open' ><div class='template-page content  av-content-full alpha units'><div class='post-entry post-entry-type-page post-entry-1137'><div class='entry-content-wrapper clearfix'>\n\n<style type=\"text\/css\" data-created_by=\"avia_inline_auto\" id=\"style-css-av-22z5e0-49ab0e291857cb3e66768e0f4f295a8f\">\n.flex_column.av-22z5e0-49ab0e291857cb3e66768e0f4f295a8f{\nborder-radius:0px 0px 0px 0px;\n-webkit-border-radius:0px 0px 0px 0px;\n-moz-border-radius:0px 0px 0px 0px;\n}\n<\/style>\n<div class='flex_column av-22z5e0-49ab0e291857cb3e66768e0f4f295a8f av_one_fifth  avia-builder-el-17  el_before_av_three_fifth  avia-builder-el-first  first flex_column_div av-zero-column-padding '   ><\/div>\n<style type=\"text\/css\" data-created_by=\"avia_inline_auto\" id=\"style-css-av-1xtq8g-be26acece4811d5175b71d82af30921d\">\n.flex_column.av-1xtq8g-be26acece4811d5175b71d82af30921d{\nborder-radius:0px 0px 0px 0px;\n-webkit-border-radius:0px 0px 0px 0px;\n-moz-border-radius:0px 0px 0px 0px;\n}\n<\/style>\n<div class='flex_column av-1xtq8g-be26acece4811d5175b71d82af30921d av_three_fifth  avia-builder-el-18  el_after_av_one_fifth  el_before_av_one_fifth  flex_column_div av-zero-column-padding '   ><p>\n<style type=\"text\/css\" data-created_by=\"avia_inline_auto\" id=\"style-css-av-1tpf75-226fb695da958f3eab20fb6563428334\">\n#top .av-special-heading.av-1tpf75-226fb695da958f3eab20fb6563428334{\npadding-bottom:20px;\nfont-size:50px;\n}\n<\/style>\n<div  class='av-special-heading av-1tpf75-226fb695da958f3eab20fb6563428334 av-special-heading-h1 blockquote modern-quote modern-centered  avia-builder-el-19  el_before_av_textblock  avia-builder-el-first  av-thin-font av-inherit-size '><h1 class='av-special-heading-tag '  itemprop=\"headline\"  >Importante lembrar na negociac\u00e3o de shows<strong>:<\/strong><\/h1><div class='special-heading-border'><div class='special-heading-inner-border'><\/div><\/div><\/div><br \/>\n<section class=\"av_textblock_section \"  itemscope=\"itemscope\" itemtype=\"https:\/\/schema.org\/CreativeWork\" ><div class='avia_textblock  '   itemprop=\"text\" ><p style=\"text-align: center;\">Lorem ipsum dolor sit amet, consectetuer adipiscing elit. Aenean commodo ligula eget dolor. Aenean massa. Cum sociis natoque penatibus et magnis dis parturient montes, nascetur ridiculus mus.<\/p>\n<p style=\"text-align: center;\"><a href=\"https:\/\/aristake.com\/post\/cd-baby-tunecore-ditto-mondotunes-zimbalam-or\">Ari&#8217;s Take review<\/a><\/p>\n<\/div><\/section><\/p><\/div>\n<style type=\"text\/css\" data-created_by=\"avia_inline_auto\" id=\"style-css-av-1f8qwg-276df8700ceb8efe72d00102e2ac6f58\">\n.flex_column.av-1f8qwg-276df8700ceb8efe72d00102e2ac6f58{\nborder-radius:0px 0px 0px 0px;\n-webkit-border-radius:0px 0px 0px 0px;\n-moz-border-radius:0px 0px 0px 0px;\n}\n<\/style>\n<div class='flex_column av-1f8qwg-276df8700ceb8efe72d00102e2ac6f58 av_one_fifth  avia-builder-el-21  el_after_av_three_fifth  avia-builder-el-last  flex_column_div av-zero-column-padding '   ><\/div>\n<\/p>\n<\/div><\/div><\/div><!-- close content main div --><\/div><\/div><\/div><div id='av-layout-grid-1'  class='av-layout-grid-container entry-content-wrapper main_color av-flex-cells     avia-builder-el-22  el_after_av_section  avia-builder-el-last  submenu-not-first container_wrap fullsize'  >\n<div class=\"flex_cell no_margin av_one_third  avia-builder-el-23  el_before_av_cell_one_third  avia-builder-el-first   avia-full-stretch \"  style='vertical-align:middle; padding:50px; background-color:#ffffff; ' ><div class='flex_cell_inner' >\n<style type=\"text\/css\" data-created_by=\"avia_inline_auto\" id=\"style-css-av-vkl2o-289d14db861ec6427e61628645dc3889\">\n.avia-animated-number.av-vkl2o-289d14db861ec6427e61628645dc3889{\ncolor:#0a0a0a !important;\n}\n.avia-animated-number.av-vkl2o-289d14db861ec6427e61628645dc3889 .avia-animated-number-title{\nfont-size:50px;\n}\n.avia-animated-number.av-vkl2o-289d14db861ec6427e61628645dc3889 .avia-animated-number-content{\nfont-size:22px;\n}\n<\/style>\n<div  class=\"avia-animated-number av-vkl2o-289d14db861ec6427e61628645dc3889 av-force-default-color avia_animate_when_visible  avia-builder-el-24  avia-builder-el-no-sibling  avia-color-font-custom \" data-timer=\"3000\"><strong class=\"heading avia-animated-number-title\"><span class=\"avia-single-number __av-single-number\" data-number_format=\"\" data-number=\"19\" data-start_from=\"0\">19<\/span><span class=\"avia-no-number\">,<\/span><span class=\"avia-single-number __av-single-number\" data-number_format=\"\" data-number=\"90\" data-start_from=\"0\">90<\/span><span class=\"avia-no-number\">$<\/span><\/strong><div class=\"avia-animated-number-content\"><p>Valores m\u00ednimos<\/p>\n<\/div><\/div>\n<\/div><\/div><div class=\"flex_cell no_margin av_one_third  avia-builder-el-25  el_after_av_cell_one_third  el_before_av_cell_one_third   avia-full-stretch \"  style='vertical-align:middle; padding:50px 50px 50px 50px ; background-color:#292929; ' ><div class='flex_cell_inner' >\n<style type=\"text\/css\" data-created_by=\"avia_inline_auto\" id=\"style-css-av-mlqe0-0f06b193bef49c3094800bc31072f7fc\">\n.avia-animated-number.av-mlqe0-0f06b193bef49c3094800bc31072f7fc{\ncolor:#ffffff !important;\n}\n.avia-animated-number.av-mlqe0-0f06b193bef49c3094800bc31072f7fc .avia-animated-number-title{\nfont-size:50px;\n}\n.avia-animated-number.av-mlqe0-0f06b193bef49c3094800bc31072f7fc .avia-animated-number-content{\nfont-size:22px;\n}\n<\/style>\n<div  class=\"avia-animated-number av-mlqe0-0f06b193bef49c3094800bc31072f7fc av-force-default-color avia_animate_when_visible  avia-builder-el-26  avia-builder-el-no-sibling  avia-color-font-custom \" data-timer=\"3000\"><strong class=\"heading avia-animated-number-title\"><span class=\"avia-single-number __av-single-number\" data-number_format=\"\" data-number=\"298\" data-start_from=\"0\">298<\/span><span class=\"avia-no-number\">.<\/span><span class=\"avia-single-number __av-single-number\" data-number_format=\"\" data-number=\"000\" data-start_from=\"0\">000<\/span><\/strong><div class=\"avia-animated-number-content\"><p>Membros ativos<\/p>\n<\/div><\/div>\n<\/div><\/div><div class=\"flex_cell no_margin av_one_third  avia-builder-el-27  el_after_av_cell_one_third  avia-builder-el-last   avia-full-stretch \"  style='vertical-align:middle; padding:50px 50px 50px 50px ; background-color:#3c3c3c; ' ><div class='flex_cell_inner' >\n<style type=\"text\/css\" data-created_by=\"avia_inline_auto\" id=\"style-css-av-7w068-c7edbb2f6912ebcbcadc08f35d6acb3e\">\n.avia-animated-number.av-7w068-c7edbb2f6912ebcbcadc08f35d6acb3e{\ncolor:#ffffff !important;\n}\n.avia-animated-number.av-7w068-c7edbb2f6912ebcbcadc08f35d6acb3e .avia-animated-number-title{\nfont-size:50px;\n}\n.avia-animated-number.av-7w068-c7edbb2f6912ebcbcadc08f35d6acb3e .avia-animated-number-content{\nfont-size:22px;\n}\n<\/style>\n<div  class=\"avia-animated-number av-7w068-c7edbb2f6912ebcbcadc08f35d6acb3e av-force-default-color avia_animate_when_visible  avia-builder-el-28  avia-builder-el-no-sibling  avia-color-font-custom \" data-timer=\"3000\"><strong class=\"heading avia-animated-number-title\"><span class=\"avia-single-number __av-single-number\" data-number_format=\"\" data-number=\"87\" data-start_from=\"0\">87<\/span><span class=\"avia-no-number\"> Itens Produ\u00e7\u00e3o<\/span><\/strong><div class=\"avia-animated-number-content\"><p>Equipamento<\/p>\n<\/div><\/div>\n<\/div><\/div>\n<\/div>\n","protected":false},"excerpt":{"rendered":"","protected":false},"author":1,"featured_media":0,"parent":0,"menu_order":0,"comment_status":"closed","ping_status":"closed","template":"","meta":{"footnotes":""},"class_list":["post-1137","page","type-page","status-publish","hentry"],"_links":{"self":[{"href":"https:\/\/lumyx.net\/musicmakers\/wp-json\/wp\/v2\/pages\/1137","targetHints":{"allow":["GET"]}}],"collection":[{"href":"https:\/\/lumyx.net\/musicmakers\/wp-json\/wp\/v2\/pages"}],"about":[{"href":"https:\/\/lumyx.net\/musicmakers\/wp-json\/wp\/v2\/types\/page"}],"author":[{"embeddable":true,"href":"https:\/\/lumyx.net\/musicmakers\/wp-json\/wp\/v2\/users\/1"}],"replies":[{"embeddable":true,"href":"https:\/\/lumyx.net\/musicmakers\/wp-json\/wp\/v2\/comments?post=1137"}],"version-history":[{"count":27,"href":"https:\/\/lumyx.net\/musicmakers\/wp-json\/wp\/v2\/pages\/1137\/revisions"}],"predecessor-version":[{"id":1752,"href":"https:\/\/lumyx.net\/musicmakers\/wp-json\/wp\/v2\/pages\/1137\/revisions\/1752"}],"wp:attachment":[{"href":"https:\/\/lumyx.net\/musicmakers\/wp-json\/wp\/v2\/media?parent=1137"}],"curies":[{"name":"wp","href":"https:\/\/api.w.org\/{rel}","templated":true}]}}