{"id":3639,"date":"2016-02-26T19:16:04","date_gmt":"2016-02-26T19:16:04","guid":{"rendered":"http:\/\/lumyx.net\/design\/?page_id=3639"},"modified":"2016-03-03T16:42:51","modified_gmt":"2016-03-03T16:42:51","slug":"contato","status":"publish","type":"page","link":"https:\/\/lumyx.net\/design\/pages\/contato\/","title":{"rendered":"Contato"},"content":{"rendered":"<div id='av_section_1'  class='avia-section av-av_section-d18d8c2c81d10022ebd21ffa95322c35 main_color avia-section-default avia-no-shadow  avia-builder-el-0  avia-builder-el-no-sibling  avia-bg-style-scroll  container_wrap fullsize'  ><div class='container av-section-cont-open' ><main  role=\"main\" itemprop=\"mainContentOfPage\"  class='template-page content  av-content-full alpha units'><div class='post-entry post-entry-type-page post-entry-3639'><div class='entry-content-wrapper clearfix'>\n\n<style type=\"text\/css\" data-created_by=\"avia_inline_auto\" id=\"style-css-av-av_four_fifth-9497bbf8bff73ea4c6992cc17fa9ec36\">\n.flex_column.av-av_four_fifth-9497bbf8bff73ea4c6992cc17fa9ec36{\nborder-radius:0px 0px 0px 0px;\n-webkit-border-radius:0px 0px 0px 0px;\n-moz-border-radius:0px 0px 0px 0px;\n}\n<\/style>\n<div class='flex_column av-av_four_fifth-9497bbf8bff73ea4c6992cc17fa9ec36 av_four_fifth  avia-builder-el-1  el_before_av_one_fifth  avia-builder-el-first  first flex_column_div av-zero-column-padding '   ><style type=\"text\/css\" data-created_by=\"avia_inline_auto\" id=\"style-css-av-av_heading-26801a95611ec8cbcb6484f22a523ee5\">\n#top .av-special-heading.av-av_heading-26801a95611ec8cbcb6484f22a523ee5{\npadding-bottom:10px;\ncolor:#383838;\n}\n.av-special-heading.av-av_heading-26801a95611ec8cbcb6484f22a523ee5 .special-heading-inner-border{\nborder-color:#383838;\n}\n<\/style>\n<div  class='av-special-heading av-av_heading-26801a95611ec8cbcb6484f22a523ee5 av-special-heading-h2 custom-color-heading  avia-builder-el-2  avia-builder-el-no-sibling  '><h2 class='av-special-heading-tag '  itemprop=\"headline\"  >Entre em contato.<\/h2><div class='special-heading-border'><div class='special-heading-inner-border'><\/div><\/div><\/div><\/div>\n<style type=\"text\/css\" data-created_by=\"avia_inline_auto\" id=\"style-css-av-av_one_fifth-9c1d454dc06f7247226bc4e8f931daae\">\n.flex_column.av-av_one_fifth-9c1d454dc06f7247226bc4e8f931daae{\nborder-radius:0px 0px 0px 0px;\n-webkit-border-radius:0px 0px 0px 0px;\n-moz-border-radius:0px 0px 0px 0px;\n}\n<\/style>\n<div class='flex_column av-av_one_fifth-9c1d454dc06f7247226bc4e8f931daae av_one_fifth  avia-builder-el-3  el_after_av_four_fifth  el_before_av_one_fifth  flex_column_div av-zero-column-padding '   ><div  class='avia-button-wrap avia-button-right  avia-builder-el-4  avia-builder-el-no-sibling ' >\n<style type=\"text\/css\" data-created_by=\"avia_inline_auto\" id=\"style-css-av-av_button-94ae58e376d5de6ccfc2910f13bb8b3a\">\n#top #wrap_all .avia-button.av-av_button-94ae58e376d5de6ccfc2910f13bb8b3a{\nbackground-color:#db4a02;\nborder-color:#db4a02;\ncolor:#ffffff;\ntransition:all 0.4s ease-in-out;\n-webkit-transition:all 0.4s ease-in-out;\n-moz-transition:all 0.4s ease-in-out;\n-ms-transition:all 0.4s ease-in-out;\n-o-transition:all 0.4s ease-in-out;\n}\n<\/style>\n<a href='http:\/\/lumyx.net\/design\/pages\/perfil\/'  class='avia-button av-av_button-94ae58e376d5de6ccfc2910f13bb8b3a avia-icon_select-yes-left-icon avia-size-medium avia-position-right ' ><span class='avia_button_icon avia_button_icon_left' aria-hidden='true' data-av_icon='\ue81f' data-av_iconfont='entypo-fontello'><\/span><span class='avia_iconbox_title' >Sobre N\u00f3s<\/span><\/a><\/div><\/div>\n<style type=\"text\/css\" data-created_by=\"avia_inline_auto\" id=\"style-css-av-av_one_fifth-9497bbf8bff73ea4c6992cc17fa9ec36\">\n.flex_column.av-av_one_fifth-9497bbf8bff73ea4c6992cc17fa9ec36{\nborder-radius:0px 0px 0px 0px;\n-webkit-border-radius:0px 0px 0px 0px;\n-moz-border-radius:0px 0px 0px 0px;\n}\n<\/style>\n<div class='flex_column av-av_one_fifth-9497bbf8bff73ea4c6992cc17fa9ec36 av_one_fifth  avia-builder-el-5  el_after_av_one_fifth  el_before_av_one_fifth  first flex_column_div av-zero-column-padding column-top-margin'   ><p><div   data-size='no scaling'  data-lightbox_size='large'  data-animation='slide'  data-conditional_play=''  data-ids='3401'  data-video_counter='0'  data-autoplay='true'  data-bg_slider='false'  data-slide_height=''  data-handle='av_slideshow'  data-interval='5'  data-class=' avia-builder-el-6  el_before_av_codeblock  avia-builder-el-first  '  data-el_id=''  data-css_id=''  data-scroll_down=''  data-control_layout=''  data-custom_markup=''  data-perma_caption=''  data-autoplay_stopper=''  data-image_attachment=''  data-min_height='0px'  data-lazy_loading='disabled'  data-img_scrset=''  class='avia-slideshow avia-slideshow-1  av-default-height-applied avia-slideshow-no scaling av_slideshow  avia-builder-el-6  el_before_av_codeblock  avia-builder-el-first   avia-slide-slider '  itemprop=\"image\" itemscope=\"itemscope\" itemtype=\"https:\/\/schema.org\/ImageObject\" ><ul class='avia-slideshow-inner ' style='padding-bottom: 94.377510040161%;' ><li  class=' av-single-slide slide-1 ' ><div data-rel='slideshow-1' class='avia-slide-wrap '   ><img data-recalc-dims=\"1\" decoding=\"async\" class=\"wp-image-3401 avia-img-lazy-loading-not-3401\"  src=\"https:\/\/i0.wp.com\/lumyx.net\/design\/wp-content\/uploads\/2016\/01\/LumyxLoader.png?resize=249%2C235&#038;ssl=1\" width=\"249\" height=\"235\" title='LumyxLoader' alt=''  itemprop=\"thumbnailUrl\"   \/><\/div><\/li><\/ul><\/div><br \/>\n<\/p><\/div>\n<style type=\"text\/css\" data-created_by=\"avia_inline_auto\" id=\"style-css-av-av_one_fifth-9c1d454dc06f7247226bc4e8f931daae\">\n.flex_column.av-av_one_fifth-9c1d454dc06f7247226bc4e8f931daae{\nborder-radius:0px 0px 0px 0px;\n-webkit-border-radius:0px 0px 0px 0px;\n-moz-border-radius:0px 0px 0px 0px;\n}\n<\/style>\n<div class='flex_column av-av_one_fifth-9c1d454dc06f7247226bc4e8f931daae av_one_fifth  avia-builder-el-8  el_after_av_one_fifth  el_before_av_three_fifth  flex_column_div av-zero-column-padding column-top-margin'   ><p>\n<style type=\"text\/css\" data-created_by=\"avia_inline_auto\" id=\"style-css-av-av_hr-e8c293bc95976d5c6ff9d129b325da64\">\n#top .hr.hr-invisible.av-av_hr-e8c293bc95976d5c6ff9d129b325da64{\nheight:80px;\n}\n<\/style>\n<div  class='hr av-av_hr-e8c293bc95976d5c6ff9d129b325da64 hr-invisible  avia-builder-el-9  el_before_av_textblock  avia-builder-el-first  '><span class='hr-inner '><span class=\"hr-inner-style\"><\/span><\/span><\/div><br \/>\n<section class=\"av_textblock_section \"  itemscope=\"itemscope\" itemtype=\"https:\/\/schema.org\/CreativeWork\" ><div class='avia_textblock  '   itemprop=\"text\" ><p>H\u00e1 sempre uma solu\u00e7\u00e3o sob medida para a sua demanda. Fale com a gente.<\/p>\n<\/div><\/section><\/p><\/div>\n<style type=\"text\/css\" data-created_by=\"avia_inline_auto\" id=\"style-css-av-av_three_fifth-15d1f8c4458c01027d1ed0e78f1b47c1\">\n.flex_column.av-av_three_fifth-15d1f8c4458c01027d1ed0e78f1b47c1{\nborder-width:1px;\nborder-color:#e2e2e2;\nborder-style:solid;\nborder-radius:0px 0px 0px 0px;\n-webkit-border-radius:0px 0px 0px 0px;\n-moz-border-radius:0px 0px 0px 0px;\n}\n<\/style>\n<div class='flex_column av-av_three_fifth-15d1f8c4458c01027d1ed0e78f1b47c1 av_three_fifth  avia-builder-el-11  el_after_av_one_fifth  el_before_av_one_full  flex_column_div av-zero-column-padding column-top-margin'   ><section class=\"av_textblock_section \"  itemscope=\"itemscope\" itemtype=\"https:\/\/schema.org\/CreativeWork\" ><div class='avia_textblock  '   itemprop=\"text\" >\n<div class=\"wpcf7 no-js\" id=\"wpcf7-f3655-o1\" lang=\"en-US\" dir=\"ltr\" data-wpcf7-id=\"3655\">\n<div class=\"screen-reader-response\"><p role=\"status\" aria-live=\"polite\" aria-atomic=\"true\"><\/p> <ul><\/ul><\/div>\n<form action=\"\/design\/wp-json\/wp\/v2\/pages\/3639#wpcf7-f3655-o1\" method=\"post\" class=\"wpcf7-form init\" aria-label=\"Contact form\" novalidate=\"novalidate\" data-status=\"init\">\n<div style=\"display: none;\">\n<input type=\"hidden\" name=\"_wpcf7\" value=\"3655\" \/>\n<input type=\"hidden\" name=\"_wpcf7_version\" value=\"6.0.6\" \/>\n<input type=\"hidden\" name=\"_wpcf7_locale\" value=\"en_US\" \/>\n<input type=\"hidden\" name=\"_wpcf7_unit_tag\" value=\"wpcf7-f3655-o1\" \/>\n<input type=\"hidden\" name=\"_wpcf7_container_post\" value=\"0\" \/>\n<input type=\"hidden\" name=\"_wpcf7_posted_data_hash\" value=\"\" \/>\n<\/div>\n<p>Nome \/ Name (*)\n<\/p>\n<p><span class=\"wpcf7-form-control-wrap\" data-name=\"your-name\"><input size=\"40\" maxlength=\"400\" class=\"wpcf7-form-control wpcf7-text wpcf7-validates-as-required\" aria-required=\"true\" aria-invalid=\"false\" value=\"\" type=\"text\" name=\"your-name\" \/><\/span>\n<\/p>\n<p>E-mail (*)\n<\/p>\n<p><span class=\"wpcf7-form-control-wrap\" data-name=\"your-email\"><input size=\"40\" maxlength=\"400\" class=\"wpcf7-form-control wpcf7-email wpcf7-validates-as-required wpcf7-text wpcf7-validates-as-email\" aria-required=\"true\" aria-invalid=\"false\" value=\"\" type=\"email\" name=\"your-email\" \/><\/span>\n<\/p>\n<p>Assunto \/ Subject (selecione uma op\u00e7\u00e3o abaixo)\n<\/p>\n<p><span class=\"wpcf7-form-control-wrap\" data-name=\"menu-670\"><select class=\"wpcf7-form-control wpcf7-select wpcf7-validates-as-required\" id=\"assunto\" aria-required=\"true\" aria-invalid=\"false\" name=\"menu-670\"><option value=\"contato\">contato<\/option><option value=\"informa\u00e7\u00f5es\">informa\u00e7\u00f5es<\/option><option value=\"parceria\">parceria<\/option><option value=\"sugest\u00f5es\">sugest\u00f5es<\/option><option value=\"cr\u00edticas\">cr\u00edticas<\/option><option value=\"outros\">outros<\/option><\/select><\/span>\n<\/p>\n<p>Mensagem \/ Message\n<\/p>\n<p><span class=\"wpcf7-form-control-wrap\" data-name=\"your-message\"><textarea cols=\"40\" rows=\"10\" maxlength=\"2000\" class=\"wpcf7-form-control wpcf7-textarea\" aria-invalid=\"false\" name=\"your-message\"><\/textarea><\/span>\n<\/p>\n<p><input class=\"wpcf7-form-control wpcf7-submit has-spinner\" type=\"submit\" value=\"Enviar\" \/>\n<\/p><p style=\"display: none !important;\" class=\"akismet-fields-container\" data-prefix=\"_wpcf7_ak_\"><label>&#916;<textarea name=\"_wpcf7_ak_hp_textarea\" cols=\"45\" rows=\"8\" maxlength=\"100\"><\/textarea><\/label><input type=\"hidden\" id=\"ak_js_1\" name=\"_wpcf7_ak_js\" value=\"111\"\/><script>document.getElementById( \"ak_js_1\" ).setAttribute( \"value\", ( new Date() ).getTime() );<\/script><\/p><div class=\"wpcf7-response-output\" aria-hidden=\"true\"><\/div>\n<\/form>\n<\/div>\n\n<\/div><\/section><\/div>\n<style type=\"text\/css\" data-created_by=\"avia_inline_auto\" id=\"style-css-av-av_one_full-9497bbf8bff73ea4c6992cc17fa9ec36\">\n.flex_column.av-av_one_full-9497bbf8bff73ea4c6992cc17fa9ec36{\nborder-radius:0px 0px 0px 0px;\n-webkit-border-radius:0px 0px 0px 0px;\n-moz-border-radius:0px 0px 0px 0px;\n}\n<\/style>\n<div class='flex_column av-av_one_full-9497bbf8bff73ea4c6992cc17fa9ec36 av_one_full  avia-builder-el-13  el_after_av_three_fifth  avia-builder-el-last  first flex_column_div av-zero-column-padding '   ><section class=\"av_textblock_section \"  itemscope=\"itemscope\" itemtype=\"https:\/\/schema.org\/CreativeWork\" ><div class='avia_textblock  '   itemprop=\"text\" ><p>Nosso est\u00fadio fica no Rio, mas poderia estar em qualquer lugar do mundo.<br \/>\nPorque hoje \u00e9 poss\u00edvel estar em contato at\u00e9 mesmo \u00e0 dist\u00e2ncia para trocar ideias, trabalhar e evoluir atrav\u00e9s de nossa conex\u00e3o em rede.<br \/>\nAmbientes colaborativos e trabalho em equipe expandem nosso potencial de diversidade criativa e resultados.<br \/>\nNa <strong>LUMYX<\/strong> fazemos comunica\u00e7\u00e3o e por isso a troca de informa\u00e7\u00e3o \u00e9 fundamental. <a href=\"mailto:contato.site@lumyx.net\"><strong>Conecte<\/strong>.<\/a><\/p>\n<\/div><\/section><\/div>\n","protected":false},"excerpt":{"rendered":"","protected":false},"author":1,"featured_media":0,"parent":1122,"menu_order":0,"comment_status":"open","ping_status":"open","template":"","meta":{"footnotes":""},"class_list":["post-3639","page","type-page","status-publish","hentry"],"jetpack_sharing_enabled":true,"jetpack_shortlink":"https:\/\/wp.me\/P7htVF-WH","jetpack-related-posts":[],"_links":{"self":[{"href":"https:\/\/lumyx.net\/design\/wp-json\/wp\/v2\/pages\/3639","targetHints":{"allow":["GET"]}}],"collection":[{"href":"https:\/\/lumyx.net\/design\/wp-json\/wp\/v2\/pages"}],"about":[{"href":"https:\/\/lumyx.net\/design\/wp-json\/wp\/v2\/types\/page"}],"author":[{"embeddable":true,"href":"https:\/\/lumyx.net\/design\/wp-json\/wp\/v2\/users\/1"}],"replies":[{"embeddable":true,"href":"https:\/\/lumyx.net\/design\/wp-json\/wp\/v2\/comments?post=3639"}],"version-history":[{"count":18,"href":"https:\/\/lumyx.net\/design\/wp-json\/wp\/v2\/pages\/3639\/revisions"}],"predecessor-version":[{"id":3701,"href":"https:\/\/lumyx.net\/design\/wp-json\/wp\/v2\/pages\/3639\/revisions\/3701"}],"up":[{"embeddable":true,"href":"https:\/\/lumyx.net\/design\/wp-json\/wp\/v2\/pages\/1122"}],"wp:attachment":[{"href":"https:\/\/lumyx.net\/design\/wp-json\/wp\/v2\/media?parent=3639"}],"curies":[{"name":"wp","href":"https:\/\/api.w.org\/{rel}","templated":true}]}}