{"id":351,"date":"2016-02-15T00:37:47","date_gmt":"2016-02-15T00:37:47","guid":{"rendered":"http:\/\/50.116.112.120\/~lumyx485\/artista\/?page_id=351"},"modified":"2016-03-11T19:18:02","modified_gmt":"2016-03-11T19:18:02","slug":"co-ins-piracoes","status":"publish","type":"page","link":"https:\/\/lumyx.net\/artista\/co-ins-piracoes\/","title":{"rendered":"Co\u2022ins\u2022pira\u00e7\u00f5es"},"content":{"rendered":"\n<style type=\"text\/css\" data-created_by=\"avia_inline_auto\" id=\"style-css-av-av_one_fifth-9497bbf8bff73ea4c6992cc17fa9ec36\">\n.flex_column.av-av_one_fifth-9497bbf8bff73ea4c6992cc17fa9ec36{\nborder-radius:0px 0px 0px 0px;\n-webkit-border-radius:0px 0px 0px 0px;\n-moz-border-radius:0px 0px 0px 0px;\n}\n<\/style>\n<div class='flex_column av-av_one_fifth-9497bbf8bff73ea4c6992cc17fa9ec36 av_one_fifth  avia-builder-el-0  el_before_av_three_fifth  avia-builder-el-first  first flex_column_div av-zero-column-padding '   ><\/div>\n\n<style type=\"text\/css\" data-created_by=\"avia_inline_auto\" id=\"style-css-av-av_three_fifth-9c1d454dc06f7247226bc4e8f931daae\">\n.flex_column.av-av_three_fifth-9c1d454dc06f7247226bc4e8f931daae{\nborder-radius:0px 0px 0px 0px;\n-webkit-border-radius:0px 0px 0px 0px;\n-moz-border-radius:0px 0px 0px 0px;\n}\n<\/style>\n<div class='flex_column av-av_three_fifth-9c1d454dc06f7247226bc4e8f931daae av_three_fifth  avia-builder-el-1  el_after_av_one_fifth  el_before_av_one_fifth  flex_column_div av-zero-column-padding '   ><style type=\"text\/css\" data-created_by=\"avia_inline_auto\" id=\"style-css-av-av_image-e6ea0c4df84650102483a0a38d50f6b7\">\n.avia-image-container.av-av_image-e6ea0c4df84650102483a0a38d50f6b7 .av-image-caption-overlay-center{\ncolor:#ffffff;\n}\n<\/style>\n<div  class='avia-image-container av-av_image-e6ea0c4df84650102483a0a38d50f6b7 av-styling- avia-align-center  avia-builder-el-2  avia-builder-el-no-sibling  '  itemprop=\"image\" itemscope=\"itemscope\" itemtype=\"https:\/\/schema.org\/ImageObject\" ><div class=\"avia-image-container-inner\"><div class=\"avia-image-overlay-wrap\"><img class='wp-image-317 avia-img-lazy-loading-not-317 avia_image' src='https:\/\/i0.wp.com\/lumyx.net\/artista\/wp-content\/uploads\/2016\/02\/AdoF_logo_hor.transp.png?fit=365%2C148&ssl=1' alt='' title='AdoF_logo_hor.transp'  height=\"148\" width=\"365\"  itemprop=\"thumbnailUrl\"  \/><\/div><\/div><\/div><\/div>\n\n<style type=\"text\/css\" data-created_by=\"avia_inline_auto\" id=\"style-css-av-av_one_fifth-9c1d454dc06f7247226bc4e8f931daae\">\n.flex_column.av-av_one_fifth-9c1d454dc06f7247226bc4e8f931daae{\nborder-radius:0px 0px 0px 0px;\n-webkit-border-radius:0px 0px 0px 0px;\n-moz-border-radius:0px 0px 0px 0px;\n}\n<\/style>\n<div class='flex_column av-av_one_fifth-9c1d454dc06f7247226bc4e8f931daae av_one_fifth  avia-builder-el-3  el_after_av_three_fifth  el_before_av_hr  flex_column_div av-zero-column-padding '   ><\/div>\n<div  class='hr av-av_hr-dcd2069817a0e3d34ae04cad8f3443c7 hr-default  avia-builder-el-4  el_after_av_one_fifth  el_before_av_heading  '><span class='hr-inner '><span class=\"hr-inner-style\"><\/span><\/span><\/div>\n\n<style type=\"text\/css\" data-created_by=\"avia_inline_auto\" id=\"style-css-av-av_heading-72eed64ab936b7b57dc098a5cd1bcda9\">\n#top .av-special-heading.av-av_heading-72eed64ab936b7b57dc098a5cd1bcda9{\npadding-bottom:10px;\n}\n.av-special-heading.av-av_heading-72eed64ab936b7b57dc098a5cd1bcda9 .av-subheading{\nfont-size:15px;\n}\n<\/style>\n<div  class='av-special-heading av-av_heading-72eed64ab936b7b57dc098a5cd1bcda9 av-special-heading-h3 blockquote modern-quote modern-centered  avia-builder-el-5  el_after_av_hr  el_before_av_textblock  '><h3 class='av-special-heading-tag '  itemprop=\"headline\"  >Co\u2022Ins\u2022Pira\u00e7\u00f5es<\/h3><div class='av-subheading av-subheading_below '><p>REFLEX\u00d5ES: presente x futuro :: v\u00eddeos, textos, sites<\/p>\n<\/div><div class='special-heading-border'><div class='special-heading-inner-border'><\/div><\/div><\/div>\n<section class=\"av_textblock_section \"  itemscope=\"itemscope\" itemtype=\"https:\/\/schema.org\/CreativeWork\" ><div class='avia_textblock  '  style='font-size:17px; '  itemprop=\"text\" ><p>O projeto art\u00edstico &#8220;Arqueologia do Futuro&#8221; nasceu em 2011, de uma vis\u00e3o sobre o tempo humano sobre este planeta. A Era Digital mudou nosso cotidiano na forma de trabalho, na incorpora\u00e7\u00e3o de m\u00e1quinas, na comunica\u00e7\u00e3o, no compartilhamento. Mudou nossa forma de cogni\u00e7\u00e3o. De apreens\u00e3o da realidade e de como transform\u00e1-la. Para que, de algum lugar, em um futuro melhor, o <em>homo sapiens<\/em> possa olhar para o atual cen\u00e1rio de autodestrui\u00e7\u00e3o da esp\u00e9cie como coisa do passado. A salvo.<\/p>\n<p>Utopia? <strong>Hoje<\/strong> precisamos refletir o paradoxo do consumo na busca do progresso vi\u00e1vel na dire\u00e7\u00e3o de um futuro sustent\u00e1vel. Na pr\u00e1tica, esta consci\u00eancia \u00e9 comum \u00e0 muita gente com diversas abordagens. Nesta p\u00e1gina compartilho fragmentos organizados de minha pesquisa que, desde o in\u00edcio, comp\u00f5em e inspiram minha pr\u00f3pria reflex\u00e3o como artista.<\/p>\n<\/div><\/section>\n\n<style type=\"text\/css\" data-created_by=\"avia_inline_auto\" id=\"style-css-av-av_hr-0688d0b0b6ed2f8b057db7a8270206df\">\n#top .hr.hr-invisible.av-av_hr-0688d0b0b6ed2f8b057db7a8270206df{\nheight:50px;\n}\n<\/style>\n<div  class='hr av-av_hr-0688d0b0b6ed2f8b057db7a8270206df hr-invisible  avia-builder-el-7  el_after_av_textblock  el_before_av_notification  '><span class='hr-inner '><span class=\"hr-inner-style\"><\/span><\/span><\/div>\n\n<style type=\"text\/css\" data-created_by=\"avia_inline_auto\" id=\"style-css-av-av_notification-fadefa909f7a7de3764616b18fbc6604\">\n.avia_message_box.av-av_notification-fadefa909f7a7de3764616b18fbc6604{\nbackground-color:#3cdd02;\ncolor:#424242;\n}\n<\/style>\n<div id='avia-messagebox-' class='avia_message_box av_notification av-av_notification-fadefa909f7a7de3764616b18fbc6604 avia-color-custom avia-size-large avia-icon_select-yes avia-border-  avia-builder-el-8  el_after_av_hr  el_before_av_one_full  ' ><span class='avia_message_box_title' >Em breve:<\/span><div class=\"avia_message_box_content\"><span class='avia_message_box_icon' aria-hidden='true' data-av_icon='\ue8b1' data-av_iconfont='entypo-fontello'><\/span><p>Um conte\u00fado de pesquisa que abrange ensaios, v\u00eddeos, projetos e reportagens, com propostas e questionamentos que apontam outros futuros para todos n\u00f3s.<\/p>\n<\/div><\/div>\n\n<style type=\"text\/css\" data-created_by=\"avia_inline_auto\" id=\"style-css-av-av_one_full-9497bbf8bff73ea4c6992cc17fa9ec36\">\n.flex_column.av-av_one_full-9497bbf8bff73ea4c6992cc17fa9ec36{\nborder-radius:0px 0px 0px 0px;\n-webkit-border-radius:0px 0px 0px 0px;\n-moz-border-radius:0px 0px 0px 0px;\n}\n<\/style>\n<div class='flex_column av-av_one_full-9497bbf8bff73ea4c6992cc17fa9ec36 av_one_full  avia-builder-el-9  el_after_av_notification  avia-builder-el-last  first flex_column_div av-zero-column-padding '   ><div id='av-masonry-1' class='av-masonry av-av_masonry_entries-b17284f8e35e37be9ace5ba832660e6e noHover av-fixed-size av-large-gap av-hover-overlay-active av-masonry-animation-active av-masonry-col-3 av-caption-always av-caption-style- av-masonry-entries   '><div class=\"av-masonry-container isotope av-js-disabled\"><div class='av-masonry-entry isotope-item av-masonry-item-no-image all_sort personal_sort '><\/div><a href=\"https:\/\/lumyx.net\/artista\/2016\/03\/02\/men-stevecutts\/\"  id='av-masonry-1-item-447' data-av-masonry-item='447' class='av-masonry-entry isotope-item post-447 post type-post status-publish format-video hentry category-personal tag-food tag-fun post_format-post-format-video all_sort personal_sort  av-masonry-item-no-image' title=\"Entry with Post Format &#8220;Video&#8221;\"  itemscope=\"itemscope\" itemtype=\"https:\/\/schema.org\/CreativeWork\" ><div class='av-inner-masonry-sizer'><\/div><figure class='av-inner-masonry main_color'><figcaption class='av-inner-masonry-content site-background'><div class='av-inner-masonry-content-pos'><div class='av-inner-masonry-content-pos-content'><div class='avia-arrow'><\/div><span class='av-icon-display ' aria-hidden='true' data-av_icon='\ue80d' data-av_iconfont='entypo-fontello'><\/span><h3 class='av-masonry-entry-title entry-title '  itemprop=\"headline\" >Entry with Post Format &#8220;Video&#8221;<\/h3><span class='av-masonry-date meta-color updated'>March 2, 2016<\/span><span class=\"av-masonry-text-sep text-sep-author\">\/<\/span><span class='av-masonry-author meta-color author'><span class='fn'>by Arteavante<\/span><\/span><\/div><\/div><\/figcaption><\/figure><\/a><!--end av-masonry entry--><\/div><\/div><\/div>\n","protected":false},"excerpt":{"rendered":"","protected":false},"author":1,"featured_media":0,"parent":0,"menu_order":0,"comment_status":"open","ping_status":"open","template":"","meta":{"jetpack_post_was_ever_published":false,"footnotes":""},"class_list":["post-351","page","type-page","status-publish","hentry"],"jetpack_sharing_enabled":true,"jetpack_shortlink":"https:\/\/wp.me\/P7jfPJ-5F","jetpack-related-posts":[],"_links":{"self":[{"href":"https:\/\/lumyx.net\/artista\/wp-json\/wp\/v2\/pages\/351","targetHints":{"allow":["GET"]}}],"collection":[{"href":"https:\/\/lumyx.net\/artista\/wp-json\/wp\/v2\/pages"}],"about":[{"href":"https:\/\/lumyx.net\/artista\/wp-json\/wp\/v2\/types\/page"}],"author":[{"embeddable":true,"href":"https:\/\/lumyx.net\/artista\/wp-json\/wp\/v2\/users\/1"}],"replies":[{"embeddable":true,"href":"https:\/\/lumyx.net\/artista\/wp-json\/wp\/v2\/comments?post=351"}],"version-history":[{"count":9,"href":"https:\/\/lumyx.net\/artista\/wp-json\/wp\/v2\/pages\/351\/revisions"}],"predecessor-version":[{"id":478,"href":"https:\/\/lumyx.net\/artista\/wp-json\/wp\/v2\/pages\/351\/revisions\/478"}],"wp:attachment":[{"href":"https:\/\/lumyx.net\/artista\/wp-json\/wp\/v2\/media?parent=351"}],"curies":[{"name":"wp","href":"https:\/\/api.w.org\/{rel}","templated":true}]}}