{"id":209,"date":"2015-07-14T14:50:10","date_gmt":"2015-07-14T14:50:10","guid":{"rendered":"http:\/\/test.kriesi.at\/minimal-portfolio\/?page_id=9"},"modified":"2016-03-11T19:20:13","modified_gmt":"2016-03-11T19:20:13","slug":"home","status":"publish","type":"page","link":"https:\/\/lumyx.net\/artista\/","title":{"rendered":"Home"},"content":{"rendered":"<div id='full_slider_1'  class='avia-fullwidth-slider main_color avia-shadow   avia-builder-el-0  el_before_av_section  avia-builder-el-first   container_wrap sidebar_right'  ><div   data-size='featured_large'  data-lightbox_size='large'  data-animation='fade'  data-conditional_play=''  data-ids='221,218,219,217,216,220'  data-video_counter='0'  data-autoplay='true'  data-bg_slider='false'  data-slide_height=''  data-handle='av_slideshow_full'  data-interval='6'  data-class=' '  data-el_id=''  data-css_id=''  data-scroll_down=''  data-control_layout='av-control-minimal'  data-custom_markup=''  data-perma_caption=''  data-autoplay_stopper='1'  data-image_attachment=''  data-min_height='0px'  data-lazy_loading='disabled'  data-src=''  data-position='top left'  data-repeat='no-repeat'  data-attach='scroll'  data-stretch=''  data-img_scrset=''  data-default-height='42'  class='avia-slideshow avia-slideshow-1  av-control-minimal av-default-height-applied avia-slideshow-featured_large av_slideshow_full   avia-fade-slider '  itemprop=\"image\" itemscope=\"itemscope\" itemtype=\"https:\/\/schema.org\/ImageObject\" ><ul class='avia-slideshow-inner ' style='padding-bottom: 42%;' ><li  class=' slide-1 ' ><a href=\"#statement\"  data-rel='slideshow-1' class='avia-slide-wrap '   ><img class=\"wp-image-221 avia-img-lazy-loading-not-221\"  src='https:\/\/i0.wp.com\/lumyx.net\/artista\/wp-content\/uploads\/2015\/07\/Neanderthronics1_home.jpg?resize=1500%2C630&ssl=1' width='1500' height='630' title='Neanderthronics I' alt=''  itemprop=\"thumbnailUrl\"   \/><\/a><\/li><li  class=' slide-2 ' ><a href=\"#statement\"  data-rel='slideshow-1' class='avia-slide-wrap '   ><img class=\"wp-image-218 avia-img-lazy-loading-not-218\"  src='https:\/\/i0.wp.com\/lumyx.net\/artista\/wp-content\/uploads\/2015\/07\/IMG_8796_1_home.jpg?resize=1500%2C630&ssl=1' width='1500' height='630' title='IMG_8796_1_home' alt=''  itemprop=\"thumbnailUrl\"   \/><\/a><\/li><li  class=' slide-3 ' ><a href=\"#statement\"  data-rel='slideshow-1' class='avia-slide-wrap '   ><img class=\"wp-image-219 avia-img-lazy-loading-not-219\"  src='https:\/\/i0.wp.com\/lumyx.net\/artista\/wp-content\/uploads\/2015\/07\/IMG_8798_1_home.jpg?resize=1500%2C630&ssl=1' width='1500' height='630' title='IMG_8798_1_home' alt=''  itemprop=\"thumbnailUrl\"   \/><\/a><\/li><li  class=' slide-4 ' ><a href=\"#statement\"  data-rel='slideshow-1' class='avia-slide-wrap '   ><img class=\"wp-image-217 avia-img-lazy-loading-not-217\"  src='https:\/\/i0.wp.com\/lumyx.net\/artista\/wp-content\/uploads\/2015\/07\/IMG_8795_1_home.jpg?resize=1500%2C630&ssl=1' width='1500' height='630' title='IMG_8795_1_home' alt=''  itemprop=\"thumbnailUrl\"   \/><\/a><\/li><li  class=' slide-5 ' ><a href=\"http:\/\/lumyx.net\/artista\/portfolio-item\/thecloud-by-lumyx\/\"  data-rel='slideshow-1' class='avia-slide-wrap '   ><img class=\"wp-image-216 avia-img-lazy-loading-not-216\"  src='https:\/\/i0.wp.com\/lumyx.net\/artista\/wp-content\/uploads\/2015\/07\/Ceu_MG_1586_2000px_1_home.jpg?resize=1500%2C630&ssl=1' width='1500' height='630' title='Ceu_MG_1586_2000px_1_home' alt=''  itemprop=\"thumbnailUrl\"   \/><\/a><\/li><li  class=' slide-6 ' ><a href=\"#statement\"  data-rel='slideshow-1' class='avia-slide-wrap '   ><img class=\"wp-image-220 avia-img-lazy-loading-not-220\"  src='https:\/\/i0.wp.com\/lumyx.net\/artista\/wp-content\/uploads\/2015\/07\/Twilight_MG_1582_1_home.jpg?resize=1500%2C630&ssl=1' width='1500' height='630' title='Twilight_MG_1582_1_home' alt=''  itemprop=\"thumbnailUrl\"   \/><\/a><\/li><\/ul><div class='avia-slideshow-arrows avia-slideshow-controls' ><a href='#prev' class='prev-slide ' aria-hidden='true' data-av_icon='\ue87c' data-av_iconfont='entypo-fontello'  tabindex='-1'>Previous<\/a><a href='#next' class='next-slide ' aria-hidden='true' data-av_icon='\ue87d' data-av_iconfont='entypo-fontello'  tabindex='-1'>Next<\/a><\/div><div class='avia-slideshow-dots avia-slideshow-controls'><a href='#1' class='goto-slide active' >1<\/a><a href='#2' class='goto-slide ' >2<\/a><a href='#3' class='goto-slide ' >3<\/a><a href='#4' class='goto-slide ' >4<\/a><a href='#5' class='goto-slide ' >5<\/a><a href='#6' class='goto-slide ' >6<\/a><\/div><\/div><\/div>\n<div id='statement'  class='avia-section av-av_section-3bc1d3eb800c5524c724ff7720c97263 main_color avia-section-large avia-no-border-styling  avia-builder-el-1  el_after_av_slideshow_full  el_before_av_section  avia-bg-style-scroll  container_wrap sidebar_right'  ><div class='container av-section-cont-open' ><div class='template-page content  av-content-small alpha units'><div class='post-entry post-entry-type-page post-entry-209'><div class='entry-content-wrapper clearfix'>\n\n<style type=\"text\/css\" data-created_by=\"avia_inline_auto\" id=\"style-css-av-av_one_full-9497bbf8bff73ea4c6992cc17fa9ec36\">\n.flex_column.av-av_one_full-9497bbf8bff73ea4c6992cc17fa9ec36{\nborder-radius:0px 0px 0px 0px;\n-webkit-border-radius:0px 0px 0px 0px;\n-moz-border-radius:0px 0px 0px 0px;\n}\n<\/style>\n<div class='flex_column av-av_one_full-9497bbf8bff73ea4c6992cc17fa9ec36 av_one_full  avia-builder-el-2  avia-builder-el-no-sibling  first flex_column_div av-zero-column-padding '   ><section class=\"av_textblock_section \"  itemscope=\"itemscope\" itemtype=\"https:\/\/schema.org\/CreativeWork\" ><div class='avia_textblock  '   itemprop=\"text\" ><blockquote>\n<p>\u201cAs imagens nascem de meu ritual de depura\u00e7\u00e3o da vertigem que \u00e9 a <em>disruptura<\/em> de valores no espa\u00e7o-tempo digital. Tecnologia x Instinto: onde ser\u00e1 nosso lugar de evolu\u00e7\u00e3o?<br \/>\nObservando \u00e0 uma dist\u00e2ncia arqueol\u00f3gica, resgato mem\u00f3rias de <em>homo sapiens<\/em>, escavadas no <em>inconsciente coletivo<\/em>, entre a ess\u00eancia que nos move e o <em>mal-estar na civiliza\u00e7\u00e3o<\/em>. Impermanente. S\u00e3o <a href=\"#descricao\">perguntas<\/a> compartilhadas em forma de camadas simb\u00f3licas das conviv\u00eancias bin\u00e1rias: contrastes de hi-tech e arcaico, de oriente e ocidente, de ser online e offline de um mundo em mete\u00f3rica transforma\u00e7\u00e3o\u201d<\/p>\n<p style=\"text-align: center;\"><strong>\u00a0\u00a0\u00a0\u00a0\u00a0\u00a0\u00a0\u00a0\u00a0\u00a0\u00a0\u00a0\u00a0\u00a0\u00a0\u00a0\u00a0\u00a0\u00a0\u00a0\u00a0\u00a0\u00a0\u00a0\u00a0\u00a0\u00a0\u00a0\u00a0\u00a0\u00a0\u00a0\u00a0\u00a0\u00a0\u00a0\u00a0\u00a0\u00a0\u00a0\u00a0\u00a0\u00a0\u00a0\u00a0\u00a0\u00a0\u00a0\u00a0\u00a0\u00a0\u00a0\u00a0\u00a0\u00a0\u00a0\u00a0\u00a0\u00a0\u00a0\u00a0\u00a0\u00a0\u00a0\u00a0\u00a0\u00a0\u00a0\u00a0\u00a0\u00a0\u00a0\u00a0\u00a0\u00a0\u00a0\u00a0\u00a0\u00a0\u00a0\u00a0\u00a0\u00a0\u00a0\u00a0\u00a0\u00a0\u00a0\u00a0\u00a0\u00a0\u00a0\u00a0\u00a0\u00a0\u00a0\u00a0\u00a0\u00a0\u00a0\u00a0\u00a0\u00a0\u00a0\u00a0\u00a0\u00a0\u00a0\u00a0\u00a0\u00a0\u00a0\u00a0\u00a0\u00a0\u00a0\u00a0\u00a0\u00a0\u00a0\u00a0\u00a0\u00a0\u00a0\u00a0\u00a0\u00a0\u00a0\u00a0\u00a0\u00a0\u00a0\u00a0\u00a0\u00a0\u00a0\u00a0\u00a0\u00a0\u00a0\u00a0\u00a0\u00a0\u00a0\u00a0\u00a0 \u00a0 \u00a0 \u00a0 \u00a0 \u00a0 \u00a0 \u00a0 \u00a0 \u00a0 \u00a0 \u00a0 \u00a0 \u00a0 \u00a0 \u00a0 \u00a0 \u00a0 \u00a0 \u00a0 \u00a0 \u00a0 \u00a0\u00a0 Lumyx<\/strong><\/p>\n<\/blockquote>\n<\/div><\/section><\/div>\n\n<\/div><\/div><\/div><!-- close content main div --><\/div><\/div>\n<style type=\"text\/css\" data-created_by=\"avia_inline_auto\" id=\"style-css-av-av_section-451ef6307ddf325c66b1bd922e705f63\">\n.avia-section.av-av_section-451ef6307ddf325c66b1bd922e705f63{\nbackground-color:#5e5541;\n}\n<\/style>\n<div id='descricao'  class='avia-section av-av_section-451ef6307ddf325c66b1bd922e705f63 main_color avia-section-default avia-no-shadow  avia-builder-el-4  el_after_av_section  el_before_av_section  avia-bg-style-scroll  container_wrap sidebar_right'  ><div class='container av-section-cont-open' ><div class='template-page content  av-content-small alpha units'><div class='post-entry post-entry-type-page post-entry-209'><div class='entry-content-wrapper clearfix'>\n\n<style type=\"text\/css\" data-created_by=\"avia_inline_auto\" id=\"style-css-av-av_one_half-d71a51a707c4656b37c9afbbd6138215\">\n.flex_column.av-av_one_half-d71a51a707c4656b37c9afbbd6138215{\nborder-radius:0px 0px 0px 0px;\n-webkit-border-radius:0px 0px 0px 0px;\n-moz-border-radius:0px 0px 0px 0px;\n}\n<\/style>\n<div class='flex_column av-av_one_half-d71a51a707c4656b37c9afbbd6138215 av_one_half  avia-builder-el-5  el_before_av_one_half  avia-builder-el-first  first flex_column_div  av-animated-generic bottom-to-top av-zero-column-padding '   ><section class=\"av_textblock_section \"  itemscope=\"itemscope\" itemtype=\"https:\/\/schema.org\/CreativeWork\" ><div class='avia_textblock  av_inherit_color '  style='font-size:18px; color:#000000; '  itemprop=\"text\" ><p>Somos cidad\u00e3os da <em>aldeia global<\/em>, assomados por not\u00edcias, \u201c<em>hoaxes<\/em>\u201d e <em>\u201cmemes<\/em>\u201d. Imagens de guerras, acidentes, mis\u00e9rias,\u00a0 e tamb\u00e9m eventos pop e descobertas fascinantes da ci\u00eancia. Nas engrenagens da comunica\u00e7\u00e3o de massa, s\u00e3o criados novos desejos de consumo, embalados pelo culto \u00e0s apar\u00eancias e suas facetas de beleza, status e poder. No reverso, nascem manifesta\u00e7\u00f5es de frustra\u00e7\u00e3o, impot\u00eancia e viol\u00eancia.<\/p>\n<blockquote>\n<p><em>Homo sapiens: a<\/em> natureza humana \u00e9 contradit\u00f3ria, o \u201c<em>homem-m\u00e1quina<\/em>\u201d \u00e9 selvagem.<\/p>\n<\/blockquote>\n<\/div><\/section><\/div>\n<style type=\"text\/css\" data-created_by=\"avia_inline_auto\" id=\"style-css-av-av_one_half-93bea18e2ccb60552a17080633244dec\">\n.flex_column.av-av_one_half-93bea18e2ccb60552a17080633244dec{\nborder-radius:0px 0px 0px 0px;\n-webkit-border-radius:0px 0px 0px 0px;\n-moz-border-radius:0px 0px 0px 0px;\n}\n<\/style>\n<div class='flex_column av-av_one_half-93bea18e2ccb60552a17080633244dec av_one_half  avia-builder-el-7  el_after_av_one_half  avia-builder-el-last  flex_column_div  av-animated-generic bottom-to-top av-zero-column-padding '   ><p><section class=\"av_textblock_section \"  itemscope=\"itemscope\" itemtype=\"https:\/\/schema.org\/CreativeWork\" ><div class='avia_textblock  av_inherit_color '  style='font-size:18px; color:#000000; '  itemprop=\"text\" ><p>Da\u00ed surgem quest\u00f5es de nossa sociedade contempor\u00e2nea: no fluxo da cybercultura, o bombardeio planet\u00e1rio\u00a0de informa\u00e7\u00e3o invade nossa hist\u00f3ria pessoal, trazendo uma nova escala de cogni\u00e7\u00e3o. E perplexidade. A mitiga\u00e7\u00e3o deste \u201cru\u00eddo\u201d para transmut\u00e1-lo em &#8220;m\u00fasica&#8221; \u00e9 o motor do <a href=\"http:\/\/lumyx.net\/artista\/arqueologiadofuturo_conceito\/\">projeto art\u00edstico &#8220;Arqueologia do Futuro<\/a> de <strong>Lumyx<\/strong>. Sua express\u00e3o explora o contraste material de telas tradicionais e de recursos digitais; materiais industrializados de circuitos eletr\u00f4nicos contra a crueza do artesanal, da presen\u00e7a f\u00edsica do papel, das texturas \u201cterracota\u201d e r\u00fasticas.<\/p>\n<\/div><\/section><br \/>\n<div  class='avia-button-wrap avia-button-left  avia-builder-el-9  el_after_av_textblock  avia-builder-el-last ' ><a href='https:\/\/lumyx.net\/artista\/portfolio\/'  class='avia-button av-av_button-f93b35c6b3d797dae71df44191e008e0 avia-icon_select-no avia-size-small avia-position-left avia-color-dark ' ><span class='avia_iconbox_title' >P o r t f o l i o<\/span><\/a><\/div><\/p><\/div><\/div><\/div><\/div><!-- close content main div --><\/div><\/div><div id='av_section_3'  class='avia-section av-av_section-d18d8c2c81d10022ebd21ffa95322c35 main_color avia-section-default avia-no-shadow  avia-builder-el-10  el_after_av_section  avia-builder-el-last  avia-bg-style-scroll  container_wrap sidebar_right'  ><div class='container av-section-cont-open' ><div class='template-page content  av-content-small alpha units'><div class='post-entry post-entry-type-page post-entry-209'><div class='entry-content-wrapper clearfix'>\n\n<style type=\"text\/css\" data-created_by=\"avia_inline_auto\" id=\"style-css-av-av_one_half-d71a51a707c4656b37c9afbbd6138215\">\n.flex_column.av-av_one_half-d71a51a707c4656b37c9afbbd6138215{\nborder-radius:0px 0px 0px 0px;\n-webkit-border-radius:0px 0px 0px 0px;\n-moz-border-radius:0px 0px 0px 0px;\n}\n<\/style>\n<div class='flex_column av-av_one_half-d71a51a707c4656b37c9afbbd6138215 av_one_half  avia-builder-el-11  el_before_av_one_half  avia-builder-el-first  first flex_column_div  av-animated-generic bottom-to-top av-zero-column-padding '   ><section class=\"av_textblock_section \"  itemscope=\"itemscope\" itemtype=\"https:\/\/schema.org\/CreativeWork\" ><div class='avia_textblock  '  style='font-size:18px; '  itemprop=\"text\" ><p>&#8220;Nossa civiliza\u00e7\u00e3o hoje apoia-se fortemente na imagem, na utiliza\u00e7\u00e3o do sentido da vis\u00e3o. Julgamentos de valor, informa\u00e7\u00f5es, avalia\u00e7\u00f5es\u00a0 e preconceitos s\u00e3o propagados pela imagem.\u00a0 Nossa est\u00e9tica audio-visual domina o espa\u00e7o objetivo das comunica\u00e7\u00f5es de massa, seja no cinema, tv, web, cartazes e fotos, moldando\u00a0 e influenciando a subjetividade humana. Curiosamente, veja: \u201c<em>vis\u00e3o<\/em>\u201d \u00e9 tamb\u00e9m a palavra que define o <em>invis\u00edvel aos olhos<\/em> de muitos: o <em>vislumbre<\/em>, o <em>insight<\/em>, a <em>premoni\u00e7\u00e3o<\/em>, a <em>intui\u00e7\u00e3o<\/em>.<\/p>\n<\/div><\/section><\/div>\n<style type=\"text\/css\" data-created_by=\"avia_inline_auto\" id=\"style-css-av-av_one_half-93bea18e2ccb60552a17080633244dec\">\n.flex_column.av-av_one_half-93bea18e2ccb60552a17080633244dec{\nborder-radius:0px 0px 0px 0px;\n-webkit-border-radius:0px 0px 0px 0px;\n-moz-border-radius:0px 0px 0px 0px;\n}\n<\/style>\n<div class='flex_column av-av_one_half-93bea18e2ccb60552a17080633244dec av_one_half  avia-builder-el-13  el_after_av_one_half  avia-builder-el-last  flex_column_div  av-animated-generic bottom-to-top av-zero-column-padding '   ><section class=\"av_textblock_section \"  itemscope=\"itemscope\" itemtype=\"https:\/\/schema.org\/CreativeWork\" ><div class='avia_textblock  '  style='font-size:18px; '  itemprop=\"text\" ><p>A vis\u00e3o &#8211; tamb\u00e9m usada como sin\u00f4nimo\u00a0 de opini\u00e3o &#8211; \u00e9 portanto o principal ve\u00edculo de percep\u00e7\u00e3o e reflex\u00e3o (in)consciente\u00a0 do ser humano. Por esta raz\u00e3o &#8211; ou seguindo esta &#8220;<em>l\u00f3gica&#8221; das s\u00e9ries &#8220;arqueo-l\u00f3gicas&#8221;, &#8220;anal\u00f3gicas&#8221; ou &#8220;mec\u00e2nicas&#8221; <\/em>&#8211; meu trabalho de arte apoia-se principalmente em imagens. Para fazer um convite \u00e0 reflex\u00e3o atrav\u00e9s do encontro com a <em>nossa pr\u00f3pria imagem<\/em>, nossos pr\u00f3prios arqu\u00e9tipos, nossa ci\u00eancia, nossas cria\u00e7\u00f5es.\u00a0 Uma vis\u00e3o.&#8221;<\/p>\n<p style=\"text-align: right;\">Luciana. A. Lumyx<\/p>\n<\/div><\/section><\/div>\n<\/div><\/div><\/div><!-- close content main div --><\/div><\/div><div id='after_section_3'  class='main_color av_default_container_wrap container_wrap sidebar_right'  ><div class='container av-section-cont-open' ><div class='template-page content  av-content-small alpha units'><div class='post-entry post-entry-type-page post-entry-209'><div class='entry-content-wrapper clearfix'><\/p>\n","protected":false},"excerpt":{"rendered":"","protected":false},"author":1,"featured_media":0,"parent":0,"menu_order":0,"comment_status":"open","ping_status":"closed","template":"","meta":{"jetpack_post_was_ever_published":false,"footnotes":""},"class_list":["post-209","page","type-page","status-publish","hentry"],"jetpack_sharing_enabled":true,"jetpack_shortlink":"https:\/\/wp.me\/P7jfPJ-3n","jetpack-related-posts":[],"_links":{"self":[{"href":"https:\/\/lumyx.net\/artista\/wp-json\/wp\/v2\/pages\/209","targetHints":{"allow":["GET"]}}],"collection":[{"href":"https:\/\/lumyx.net\/artista\/wp-json\/wp\/v2\/pages"}],"about":[{"href":"https:\/\/lumyx.net\/artista\/wp-json\/wp\/v2\/types\/page"}],"author":[{"embeddable":true,"href":"https:\/\/lumyx.net\/artista\/wp-json\/wp\/v2\/users\/1"}],"replies":[{"embeddable":true,"href":"https:\/\/lumyx.net\/artista\/wp-json\/wp\/v2\/comments?post=209"}],"version-history":[{"count":58,"href":"https:\/\/lumyx.net\/artista\/wp-json\/wp\/v2\/pages\/209\/revisions"}],"predecessor-version":[{"id":479,"href":"https:\/\/lumyx.net\/artista\/wp-json\/wp\/v2\/pages\/209\/revisions\/479"}],"wp:attachment":[{"href":"https:\/\/lumyx.net\/artista\/wp-json\/wp\/v2\/media?parent=209"}],"curies":[{"name":"wp","href":"https:\/\/api.w.org\/{rel}","templated":true}]}}